{"id":10886,"date":"2023-01-23T14:57:20","date_gmt":"2023-01-23T12:57:20","guid":{"rendered":"https:\/?page_id=10886"},"modified":"2025-08-28T18:49:31","modified_gmt":"2025-08-28T15:49:31","slug":"return-policy","status":"publish","type":"page","link":"https:\/\/jugne.pl\/en\/return-policy\/","title":{"rendered":"Return policy"},"content":{"rendered":"<p>Pinig\u0173 ir preki\u0173 gr\u0105\u017einimo politika:<\/p><p>Turite teis\u0119 at\u0161aukti savo u\u017esakym\u0105 per 30 dien\u0173 nepateikiant jokios prie\u017easties.<\/p><p>Savo u\u017esakym\u0105 galite at\u0161aukti per 30 dien\u0173 nuo u\u017esakyt\u0173 preki\u0173 gavimo.<\/p><p>Jeigu norite s\u0117kmingai at\u0161aukti u\u017esakym\u0105, turite mus informuoti ir suteikti vis\u0105 reikaling\u0105 informacij\u0105.<\/p><p>Apie u\u017esakymo at\u0161aukim\u0105 galite mus informuoti el. pa\u0161tu <a href=\"mailto:info@\">info@<\/a>.<\/p><p>Pinigus gr\u0105\u017einsime ne v\u0117liau kaip per 30 dien\u0173, nuo gr\u0105\u017einam\u0173 preki\u0173 gavimo. J\u016bs\u0173 pinigai bus gr\u0105\u017einami tokiu pa\u010diu b\u016bdu, kokiu buvo atlikas mok\u0117jimas u\u017e u\u017esakym\u0105, netaikant papildomo pinig\u0173 gr\u0105\u017einimo mokes\u010dio.<\/p><p>Preki\u0173 gr\u0105\u017einimo s\u0105lygos:<\/p><ul class=\"wp-block-list\"><li>Nor\u0117dami gr\u0105\u017einti \u012fsigytas prek\u0117s, \u012fsitikinkite, kad:<\/li>\n\n<li>Prek\u0117s buvo \u012fsigytos per paskutines 30 dien\u0173<\/li>\n\n<li>Prek\u0117s yra originalioje pakuot\u0117je<\/li>\n\n<li>Prek\u0117s, kuri\u0173 negalima gr\u0105\u017einti:<\/li>\n\n<li>Prek\u0117s, pagamintos pagal u\u017esakym\u0105.<\/li>\n\n<li>Prek\u0117s, kuri\u0173 negalima gr\u0105\u017einti d\u0117l j\u0173 prigimties, pavyzd\u017eiui prek\u0117s, kuri\u0173 galiojimo laikas yra pasibaig\u0119s.<\/li>\n\n<li>Prek\u0117s, kurios netinkamos gr\u0105\u017einti d\u0117l higienos prie\u017ea\u0161\u010di\u0173 po prek\u0117s i\u0161pakavimo.<\/li>\n\n<li>Prek\u0117s, kurios po j\u0173 pristatymo, yra naudojamos su kitomis prek\u0117mis (preki\u0173 mi\u0161iniai).<\/li>\n\n<li>Pasiliekam\u0119 teis\u0119, atsisakyti gr\u0105\u017einti prekes, net ir tas, kurios atitinka auk\u0161\u010diau i\u0161vardintus reikalavimus.<\/li><\/ul><p>Preki\u0173 gr\u0105\u017einimas<\/p><p>J\u016bs prisiimate preki\u0173 gr\u0105\u017einimo rizik\u0105 ir ka\u0161tus. Gr\u0105\u017einamas prekes si\u0173skite \u0161iuo adresu:<\/p><p>Panev\u0117\u017eys, ber\u017eu g 4<\/p><p>Mes nesame atsakingi u\u017e preki\u0173 pa\u017eeidimus, \u012fvykusius gr\u0105\u017einant prekes. D\u0117l to, si\u016blome rinktis saug\u0173 preki\u0173 siuntimo paslaug\u0173 teik\u0117j\u0105. Negal\u0117sime gr\u0105\u017einti pinig\u0173, jeigu nepateiksite preki\u0173 \u012fsigijimo kvito arba preki\u0173 pristatymo kvito.<\/p><p>Dovanos:<\/p><p>Jeigu norite gr\u0105\u017einti dovan\u0105, dovanos vert\u0119 gr\u0105\u017einsime dovanos kreditais. Kai tik gausime j\u016bs\u0173 gr\u0105\u017einam\u0105 dovan\u0105, i\u0161si\u0173sime dovanos kredit\u0173 sertifikat\u0105.<\/p><p>Kontaktin\u0117 informacija<\/p><p>Jeigu turite klausim\u0173 d\u0117l m\u016bs\u0173 pinig\u0173 ir preki\u0173 gr\u0105\u017einimo politikos, susisiekite su mumis el. pa\u0161tu <a href=\"mailto:info@\">info@<\/a><\/p>","protected":false},"excerpt":{"rendered":"<p>Pinig\u0173 ir preki\u0173 gr\u0105\u017einimo politika: Turite teis\u0119 at\u0161aukti savo u\u017esakym\u0105 per 30 dien\u0173 nepateikiant jokios prie\u017easties. Savo u\u017esakym\u0105 galite at\u0161aukti<\/p>\n","protected":false},"author":1,"featured_media":0,"parent":0,"menu_order":0,"comment_status":"closed","ping_status":"closed","template":"","meta":{"footnotes":""},"class_list":["post-10886","page","type-page","status-publish","hentry"],"_links":{"self":[{"href":"https:\/\/jugne.pl\/en\/wp-json\/wp\/v2\/pages\/10886","targetHints":{"allow":["GET"]}}],"collection":[{"href":"https:\/\/jugne.pl\/en\/wp-json\/wp\/v2\/pages"}],"about":[{"href":"https:\/\/jugne.pl\/en\/wp-json\/wp\/v2\/types\/page"}],"author":[{"embeddable":true,"href":"https:\/\/jugne.pl\/en\/wp-json\/wp\/v2\/users\/1"}],"replies":[{"embeddable":true,"href":"https:\/\/jugne.pl\/en\/wp-json\/wp\/v2\/comments?post=10886"}],"version-history":[{"count":2,"href":"https:\/\/jugne.pl\/en\/wp-json\/wp\/v2\/pages\/10886\/revisions"}],"predecessor-version":[{"id":15088,"href":"https:\/\/jugne.pl\/en\/wp-json\/wp\/v2\/pages\/10886\/revisions\/15088"}],"wp:attachment":[{"href":"https:\/\/jugne.pl\/en\/wp-json\/wp\/v2\/media?parent=10886"}],"curies":[{"name":"wp","href":"https:\/\/api.w.org\/{rel}","templated":true}]}}