{"id":14144,"date":"2025-05-22T13:12:51","date_gmt":"2025-05-22T10:12:51","guid":{"rendered":"https:\/\/jugne.pl\/?post_type=product&#038;p=14144"},"modified":"2025-05-22T13:16:19","modified_gmt":"2025-05-22T10:16:19","slug":"a-1p-drzwiczki-do-pieca-440x330-mm","status":"publish","type":"product","link":"https:\/\/jugne.pl\/en\/produkt\/a-1p-drzwiczki-do-pieca-440x330-mm\/","title":{"rendered":"A-1P Drzwiczki do pieca 440&#215;330 mm"},"content":{"rendered":"","protected":false},"excerpt":{"rendered":"<p><strong>A-1p- Wysokiej jako\u015bci \u017celiwne, dwuskrzyd\u0142owe drzwiczki do pieca 440&#215;330 mm<\/strong><\/p>\n<p>Wymiary zewn\u0119trzne: 330&#215;440 mm<\/p>\n<p>Wymiary wewn\u0119trzne: 370&#215;235 mm<\/p>\n<p>Waga: 15 kg<\/p>\n<p>Mog\u0105 by\u0107 pomalowane na czarno<\/p>\n","protected":false},"featured_media":14174,"template":"","meta":[],"product_cat":[234],"product_tag":[],"class_list":{"0":"post-14144","1":"product","2":"type-product","3":"status-publish","4":"has-post-thumbnail","6":"product_cat-drzwiczki","8":"first","9":"instock","10":"taxable","11":"shipping-taxable","12":"purchasable","13":"product-type-variable","14":"has-default-attributes"},"_links":{"self":[{"href":"https:\/\/jugne.pl\/en\/wp-json\/wp\/v2\/product\/14144","targetHints":{"allow":["GET"]}}],"collection":[{"href":"https:\/\/jugne.pl\/en\/wp-json\/wp\/v2\/product"}],"about":[{"href":"https:\/\/jugne.pl\/en\/wp-json\/wp\/v2\/types\/product"}],"version-history":[{"count":1,"href":"https:\/\/jugne.pl\/en\/wp-json\/wp\/v2\/product\/14144\/revisions"}],"predecessor-version":[{"id":14178,"href":"https:\/\/jugne.pl\/en\/wp-json\/wp\/v2\/product\/14144\/revisions\/14178"}],"wp:featuredmedia":[{"embeddable":true,"href":"https:\/\/jugne.pl\/en\/wp-json\/wp\/v2\/media\/14174"}],"wp:attachment":[{"href":"https:\/\/jugne.pl\/en\/wp-json\/wp\/v2\/media?parent=14144"}],"wp:term":[{"taxonomy":"product_cat","embeddable":true,"href":"https:\/\/jugne.pl\/en\/wp-json\/wp\/v2\/product_cat?post=14144"},{"taxonomy":"product_tag","embeddable":true,"href":"https:\/\/jugne.pl\/en\/wp-json\/wp\/v2\/product_tag?post=14144"}],"curies":[{"name":"wp","href":"https:\/\/api.w.org\/{rel}","templated":true}]}}