{"id":14145,"date":"2025-05-22T13:12:51","date_gmt":"2025-05-22T10:12:51","guid":{"rendered":"https:\/\/jugne.pl\/?post_type=product&#038;p=14145"},"modified":"2025-05-22T13:16:19","modified_gmt":"2025-05-22T10:16:19","slug":"a-37-drzwiczki-do-pieca-295x415-mm","status":"publish","type":"product","link":"https:\/\/jugne.pl\/en\/produkt\/a-37-drzwiczki-do-pieca-295x415-mm\/","title":{"rendered":"A-37 Drzwiczki do pieca 295&#215;415 mm"},"content":{"rendered":"","protected":false},"excerpt":{"rendered":"<p><strong>A-37 Wysokiej jako\u015bci drzwiczki do pieca 295&#215;415 mm<\/strong><\/p>\n<p>Wymiary zewn\u0119trzne: 295&#215;415 mm<\/p>\n<p>Wymiary wewn\u0119trzne: 250&#215;370 mm<\/p>\n<p>Waga: 15kg<\/p>\n<p>Z wbudowanymi wewn\u0119trznymi drzwiczkami pe\u0142ni\u0105cymi funkcj\u0119 ogranicznika p\u0142omienia<\/p>\n<p>Z \u017celiwa.<\/p>\n","protected":false},"featured_media":14179,"template":"","meta":[],"product_cat":[234],"product_tag":[],"class_list":{"0":"post-14145","1":"product","2":"type-product","3":"status-publish","4":"has-post-thumbnail","6":"product_cat-drzwiczki","7":"product_shipping_class-prezentacja-firmy","9":"first","10":"instock","11":"taxable","12":"shipping-taxable","13":"purchasable","14":"product-type-variable","15":"has-default-attributes"},"_links":{"self":[{"href":"https:\/\/jugne.pl\/en\/wp-json\/wp\/v2\/product\/14145","targetHints":{"allow":["GET"]}}],"collection":[{"href":"https:\/\/jugne.pl\/en\/wp-json\/wp\/v2\/product"}],"about":[{"href":"https:\/\/jugne.pl\/en\/wp-json\/wp\/v2\/types\/product"}],"version-history":[{"count":1,"href":"https:\/\/jugne.pl\/en\/wp-json\/wp\/v2\/product\/14145\/revisions"}],"predecessor-version":[{"id":14183,"href":"https:\/\/jugne.pl\/en\/wp-json\/wp\/v2\/product\/14145\/revisions\/14183"}],"wp:featuredmedia":[{"embeddable":true,"href":"https:\/\/jugne.pl\/en\/wp-json\/wp\/v2\/media\/14179"}],"wp:attachment":[{"href":"https:\/\/jugne.pl\/en\/wp-json\/wp\/v2\/media?parent=14145"}],"wp:term":[{"taxonomy":"product_cat","embeddable":true,"href":"https:\/\/jugne.pl\/en\/wp-json\/wp\/v2\/product_cat?post=14145"},{"taxonomy":"product_tag","embeddable":true,"href":"https:\/\/jugne.pl\/en\/wp-json\/wp\/v2\/product_tag?post=14145"}],"curies":[{"name":"wp","href":"https:\/\/api.w.org\/{rel}","templated":true}]}}