{"id":14149,"date":"2025-05-22T13:12:52","date_gmt":"2025-05-22T10:12:52","guid":{"rendered":"https:\/\/jugne.pl\/?post_type=product&#038;p=14149"},"modified":"2025-05-22T13:16:19","modified_gmt":"2025-05-22T10:16:19","slug":"a-32-drzwiczki-do-piekarnika-375x275-mm","status":"publish","type":"product","link":"https:\/\/jugne.pl\/en\/produkt\/a-32-drzwiczki-do-piekarnika-375x275-mm\/","title":{"rendered":"A-32 Drzwiczki do piekarnika 375&#215;275 mm"},"content":{"rendered":"","protected":false},"excerpt":{"rendered":"<p><strong>Wysokiej jako\u015bci \u017celiwne, dwuskrzyd\u0142owe drzwiczki do piekarnika <\/strong><\/p>\n<p>Wymiary zewn\u0119trzne: 375&#215;275 mm<\/p>\n<p>Wymiary wewn\u0119trzne: 305&#215;205 mm<\/p>\n<p>Waga: 7 kg<\/p>\n<p>Z \u017celiwa.<\/p>\n","protected":false},"featured_media":14199,"template":"","meta":[],"product_cat":[234],"product_tag":[],"class_list":{"0":"post-14149","1":"product","2":"type-product","3":"status-publish","4":"has-post-thumbnail","6":"product_cat-drzwiczki","8":"first","9":"instock","10":"taxable","11":"shipping-taxable","12":"purchasable","13":"product-type-variable","14":"has-default-attributes"},"_links":{"self":[{"href":"https:\/\/jugne.pl\/en\/wp-json\/wp\/v2\/product\/14149","targetHints":{"allow":["GET"]}}],"collection":[{"href":"https:\/\/jugne.pl\/en\/wp-json\/wp\/v2\/product"}],"about":[{"href":"https:\/\/jugne.pl\/en\/wp-json\/wp\/v2\/types\/product"}],"version-history":[{"count":1,"href":"https:\/\/jugne.pl\/en\/wp-json\/wp\/v2\/product\/14149\/revisions"}],"predecessor-version":[{"id":14203,"href":"https:\/\/jugne.pl\/en\/wp-json\/wp\/v2\/product\/14149\/revisions\/14203"}],"wp:featuredmedia":[{"embeddable":true,"href":"https:\/\/jugne.pl\/en\/wp-json\/wp\/v2\/media\/14199"}],"wp:attachment":[{"href":"https:\/\/jugne.pl\/en\/wp-json\/wp\/v2\/media?parent=14149"}],"wp:term":[{"taxonomy":"product_cat","embeddable":true,"href":"https:\/\/jugne.pl\/en\/wp-json\/wp\/v2\/product_cat?post=14149"},{"taxonomy":"product_tag","embeddable":true,"href":"https:\/\/jugne.pl\/en\/wp-json\/wp\/v2\/product_tag?post=14149"}],"curies":[{"name":"wp","href":"https:\/\/api.w.org\/{rel}","templated":true}]}}