{"id":14153,"date":"2025-05-22T13:12:53","date_gmt":"2025-05-22T10:12:53","guid":{"rendered":"https:\/\/jugne.pl\/?post_type=product&#038;p=14153"},"modified":"2025-05-22T13:16:09","modified_gmt":"2025-05-22T10:16:09","slug":"a-5-drzwiczki-do-piecyka-280x300-mm","status":"publish","type":"product","link":"https:\/\/jugne.pl\/en\/produkt\/a-5-drzwiczki-do-piecyka-280x300-mm\/","title":{"rendered":"A-5 Drzwiczki do piecyka 280&#215;300 mm"},"content":{"rendered":"","protected":false},"excerpt":{"rendered":"<p><strong>A-5 Wysokiej jako\u015bci \u017celiwne, dwuskrzyd\u0142owe drzwiczki do piecyka <\/strong><\/p>\n<p>Wymiary zewn\u0119trzne: 280&#215;300 mm<\/p>\n<p>Wymiary wewn\u0119trzne: 225&#215;225 mm<\/p>\n<p>Waga: 3,5 kg<\/p>\n<p>Z \u017celiwa.<\/p>\n","protected":false},"featured_media":14223,"template":"","meta":[],"product_cat":[234],"product_tag":[],"class_list":{"0":"post-14153","1":"product","2":"type-product","3":"status-publish","4":"has-post-thumbnail","6":"product_cat-drzwiczki","8":"first","9":"instock","10":"taxable","11":"shipping-taxable","12":"purchasable","13":"product-type-variable","14":"has-default-attributes"},"_links":{"self":[{"href":"https:\/\/jugne.pl\/en\/wp-json\/wp\/v2\/product\/14153","targetHints":{"allow":["GET"]}}],"collection":[{"href":"https:\/\/jugne.pl\/en\/wp-json\/wp\/v2\/product"}],"about":[{"href":"https:\/\/jugne.pl\/en\/wp-json\/wp\/v2\/types\/product"}],"version-history":[{"count":1,"href":"https:\/\/jugne.pl\/en\/wp-json\/wp\/v2\/product\/14153\/revisions"}],"predecessor-version":[{"id":14227,"href":"https:\/\/jugne.pl\/en\/wp-json\/wp\/v2\/product\/14153\/revisions\/14227"}],"wp:featuredmedia":[{"embeddable":true,"href":"https:\/\/jugne.pl\/en\/wp-json\/wp\/v2\/media\/14223"}],"wp:attachment":[{"href":"https:\/\/jugne.pl\/en\/wp-json\/wp\/v2\/media?parent=14153"}],"wp:term":[{"taxonomy":"product_cat","embeddable":true,"href":"https:\/\/jugne.pl\/en\/wp-json\/wp\/v2\/product_cat?post=14153"},{"taxonomy":"product_tag","embeddable":true,"href":"https:\/\/jugne.pl\/en\/wp-json\/wp\/v2\/product_tag?post=14153"}],"curies":[{"name":"wp","href":"https:\/\/api.w.org\/{rel}","templated":true}]}}