{"id":14252,"date":"2025-05-22T13:13:17","date_gmt":"2025-05-22T10:13:17","guid":{"rendered":"https:\/\/jugne.pl\/?post_type=product&#038;p=14252"},"modified":"2025-05-22T13:13:43","modified_gmt":"2025-05-22T10:13:43","slug":"a-16-plyta-kuchenna-405x705-mm","status":"publish","type":"product","link":"https:\/\/jugne.pl\/en\/produkt\/a-16-plyta-kuchenna-405x705-mm\/","title":{"rendered":"A-16 P\u0142yta kuchenna 405&#215;705 mm"},"content":{"rendered":"","protected":false},"excerpt":{"rendered":"<p>Kod produktu: A16<\/p>\n<p>Wymiary: 405&#215;705 mm<\/p>\n<p>Waga: 20 kg<\/p>\n<p>Wyj\u0105tkowy sk\u0142ad \u017celiwa (nie p\u0119ka, nie deformuje si\u0119)<\/p>\n<p>Z \u017celiwa.<\/p>\n","protected":false},"featured_media":14380,"template":"","meta":[],"product_cat":[240],"product_tag":[],"class_list":{"0":"post-14252","1":"product","2":"type-product","3":"status-publish","4":"has-post-thumbnail","6":"product_cat-plyty-kuchenne","8":"first","9":"instock","10":"taxable","11":"shipping-taxable","12":"purchasable","13":"product-type-simple"},"_links":{"self":[{"href":"https:\/\/jugne.pl\/en\/wp-json\/wp\/v2\/product\/14252","targetHints":{"allow":["GET"]}}],"collection":[{"href":"https:\/\/jugne.pl\/en\/wp-json\/wp\/v2\/product"}],"about":[{"href":"https:\/\/jugne.pl\/en\/wp-json\/wp\/v2\/types\/product"}],"version-history":[{"count":1,"href":"https:\/\/jugne.pl\/en\/wp-json\/wp\/v2\/product\/14252\/revisions"}],"predecessor-version":[{"id":14384,"href":"https:\/\/jugne.pl\/en\/wp-json\/wp\/v2\/product\/14252\/revisions\/14384"}],"wp:featuredmedia":[{"embeddable":true,"href":"https:\/\/jugne.pl\/en\/wp-json\/wp\/v2\/media\/14380"}],"wp:attachment":[{"href":"https:\/\/jugne.pl\/en\/wp-json\/wp\/v2\/media?parent=14252"}],"wp:term":[{"taxonomy":"product_cat","embeddable":true,"href":"https:\/\/jugne.pl\/en\/wp-json\/wp\/v2\/product_cat?post=14252"},{"taxonomy":"product_tag","embeddable":true,"href":"https:\/\/jugne.pl\/en\/wp-json\/wp\/v2\/product_tag?post=14252"}],"curies":[{"name":"wp","href":"https:\/\/api.w.org\/{rel}","templated":true}]}}