{"id":14253,"date":"2025-05-22T13:13:17","date_gmt":"2025-05-22T10:13:17","guid":{"rendered":"https:\/\/jugne.pl\/?post_type=product&#038;p=14253"},"modified":"2025-05-22T13:13:44","modified_gmt":"2025-05-22T10:13:44","slug":"a-16o-plyta-kuchenna-400x460-mm","status":"publish","type":"product","link":"https:\/\/jugne.pl\/en\/produkt\/a-16o-plyta-kuchenna-400x460-mm\/","title":{"rendered":"A-16O P\u0142yta kuchenna 400&#215;460 mm"},"content":{"rendered":"","protected":false},"excerpt":{"rendered":"<div>\n<div>\n<p>Kod produktu: A16o<\/p>\n<p>Wymiary: 400&#215;460 mm<\/p>\n<p>Waga: 13,5 kg<\/p>\n<p>Wyj\u0105tkowy sk\u0142ad \u017celiwa (nie p\u0119ka, nie deformuje si\u0119)<\/p>\n<p>Z \u017celiwa.<\/p>\n<\/div>\n<\/div>\n","protected":false},"featured_media":14385,"template":"","meta":[],"product_cat":[240],"product_tag":[],"class_list":{"0":"post-14253","1":"product","2":"type-product","3":"status-publish","4":"has-post-thumbnail","6":"product_cat-plyty-kuchenne","8":"first","9":"instock","10":"taxable","11":"shipping-taxable","12":"purchasable","13":"product-type-simple"},"_links":{"self":[{"href":"https:\/\/jugne.pl\/en\/wp-json\/wp\/v2\/product\/14253","targetHints":{"allow":["GET"]}}],"collection":[{"href":"https:\/\/jugne.pl\/en\/wp-json\/wp\/v2\/product"}],"about":[{"href":"https:\/\/jugne.pl\/en\/wp-json\/wp\/v2\/types\/product"}],"version-history":[{"count":1,"href":"https:\/\/jugne.pl\/en\/wp-json\/wp\/v2\/product\/14253\/revisions"}],"predecessor-version":[{"id":14389,"href":"https:\/\/jugne.pl\/en\/wp-json\/wp\/v2\/product\/14253\/revisions\/14389"}],"wp:featuredmedia":[{"embeddable":true,"href":"https:\/\/jugne.pl\/en\/wp-json\/wp\/v2\/media\/14385"}],"wp:attachment":[{"href":"https:\/\/jugne.pl\/en\/wp-json\/wp\/v2\/media?parent=14253"}],"wp:term":[{"taxonomy":"product_cat","embeddable":true,"href":"https:\/\/jugne.pl\/en\/wp-json\/wp\/v2\/product_cat?post=14253"},{"taxonomy":"product_tag","embeddable":true,"href":"https:\/\/jugne.pl\/en\/wp-json\/wp\/v2\/product_tag?post=14253"}],"curies":[{"name":"wp","href":"https:\/\/api.w.org\/{rel}","templated":true}]}}