{"id":14261,"date":"2025-05-22T13:13:18","date_gmt":"2025-05-22T10:13:18","guid":{"rendered":"https:\/\/jugne.pl\/?post_type=product&#038;p=14261"},"modified":"2025-05-22T13:13:50","modified_gmt":"2025-05-22T10:13:50","slug":"a-18c-plyta-kuchenna-520x520-mm","status":"publish","type":"product","link":"https:\/\/jugne.pl\/en\/produkt\/a-18c-plyta-kuchenna-520x520-mm\/","title":{"rendered":"A-18C P\u0142yta kuchenna 520&#215;520 mm"},"content":{"rendered":"","protected":false},"excerpt":{"rendered":"<p>Wymiary: 520&#215;520 mm<\/p>\n<p>\u015arednica wk\u0142adu: 410 mm<\/p>\n<p>Waga: 16 kg<\/p>\n<p>Wyj\u0105tkowy sk\u0142ad \u017celiwa (nie p\u0119ka, nie deformuje si\u0119)<\/p>\n<p>Z \u017celiwa.<\/p>\n","protected":false},"featured_media":14425,"template":"","meta":[],"product_cat":[240],"product_tag":[],"class_list":{"0":"post-14261","1":"product","2":"type-product","3":"status-publish","4":"has-post-thumbnail","6":"product_cat-plyty-kuchenne","8":"first","9":"instock","10":"taxable","11":"shipping-taxable","12":"purchasable","13":"product-type-simple"},"_links":{"self":[{"href":"https:\/\/jugne.pl\/en\/wp-json\/wp\/v2\/product\/14261","targetHints":{"allow":["GET"]}}],"collection":[{"href":"https:\/\/jugne.pl\/en\/wp-json\/wp\/v2\/product"}],"about":[{"href":"https:\/\/jugne.pl\/en\/wp-json\/wp\/v2\/types\/product"}],"version-history":[{"count":1,"href":"https:\/\/jugne.pl\/en\/wp-json\/wp\/v2\/product\/14261\/revisions"}],"predecessor-version":[{"id":14429,"href":"https:\/\/jugne.pl\/en\/wp-json\/wp\/v2\/product\/14261\/revisions\/14429"}],"wp:featuredmedia":[{"embeddable":true,"href":"https:\/\/jugne.pl\/en\/wp-json\/wp\/v2\/media\/14425"}],"wp:attachment":[{"href":"https:\/\/jugne.pl\/en\/wp-json\/wp\/v2\/media?parent=14261"}],"wp:term":[{"taxonomy":"product_cat","embeddable":true,"href":"https:\/\/jugne.pl\/en\/wp-json\/wp\/v2\/product_cat?post=14261"},{"taxonomy":"product_tag","embeddable":true,"href":"https:\/\/jugne.pl\/en\/wp-json\/wp\/v2\/product_tag?post=14261"}],"curies":[{"name":"wp","href":"https:\/\/api.w.org\/{rel}","templated":true}]}}