{"id":14352,"date":"2025-05-22T13:13:39","date_gmt":"2025-05-22T10:13:39","guid":{"rendered":"https:\/\/jugne.pl\/?post_type=product&#038;p=14352"},"modified":"2025-05-22T13:13:52","modified_gmt":"2025-05-22T10:13:52","slug":"a-19-plyta-kuchenna-410x710-mm","status":"publish","type":"product","link":"https:\/\/jugne.pl\/en\/produkt\/a-19-plyta-kuchenna-410x710-mm\/","title":{"rendered":"A-19 P\u0142yta kuchenna 410&#215;710 mm"},"content":{"rendered":"","protected":false},"excerpt":{"rendered":"<p>Kod produktu: A19<\/p>\n<p>Wymiary: 410&#215;710 mm<\/p>\n<p>Waga: 20 kg<\/p>\n<p>Wyj\u0105tkowy sk\u0142ad \u017celiwa (nie p\u0119ka, nie deformuje si\u0119)<\/p>\n<p>Z \u017celiwa.<\/p>\n","protected":false},"featured_media":14430,"template":"","meta":[],"product_cat":[240],"product_tag":[],"class_list":{"0":"post-14352","1":"product","2":"type-product","3":"status-publish","4":"has-post-thumbnail","6":"product_cat-plyty-kuchenne","8":"first","9":"instock","10":"taxable","11":"shipping-taxable","12":"purchasable","13":"product-type-simple"},"_links":{"self":[{"href":"https:\/\/jugne.pl\/en\/wp-json\/wp\/v2\/product\/14352","targetHints":{"allow":["GET"]}}],"collection":[{"href":"https:\/\/jugne.pl\/en\/wp-json\/wp\/v2\/product"}],"about":[{"href":"https:\/\/jugne.pl\/en\/wp-json\/wp\/v2\/types\/product"}],"version-history":[{"count":1,"href":"https:\/\/jugne.pl\/en\/wp-json\/wp\/v2\/product\/14352\/revisions"}],"predecessor-version":[{"id":14434,"href":"https:\/\/jugne.pl\/en\/wp-json\/wp\/v2\/product\/14352\/revisions\/14434"}],"wp:featuredmedia":[{"embeddable":true,"href":"https:\/\/jugne.pl\/en\/wp-json\/wp\/v2\/media\/14430"}],"wp:attachment":[{"href":"https:\/\/jugne.pl\/en\/wp-json\/wp\/v2\/media?parent=14352"}],"wp:term":[{"taxonomy":"product_cat","embeddable":true,"href":"https:\/\/jugne.pl\/en\/wp-json\/wp\/v2\/product_cat?post=14352"},{"taxonomy":"product_tag","embeddable":true,"href":"https:\/\/jugne.pl\/en\/wp-json\/wp\/v2\/product_tag?post=14352"}],"curies":[{"name":"wp","href":"https:\/\/api.w.org\/{rel}","templated":true}]}}