{"id":14359,"date":"2025-05-22T13:13:40","date_gmt":"2025-05-22T10:13:40","guid":{"rendered":"https:\/\/jugne.pl\/?post_type=product&#038;p=14359"},"modified":"2025-05-22T13:14:01","modified_gmt":"2025-05-22T10:14:01","slug":"a-22s-wyczystka-kominowa-180x380-mm","status":"publish","type":"product","link":"https:\/\/jugne.pl\/en\/produkt\/a-22s-wyczystka-kominowa-180x380-mm\/","title":{"rendered":"A-22S Wyczystka kominowa 180&#215;380 mm"},"content":{"rendered":"","protected":false},"excerpt":{"rendered":"<p>Wymiary: 180x380mm<\/p>\n<p>Wymiary otworu wewn\u0119trznego: 130&#215;235 mm<\/p>\n<p>D\u0142ugo\u015b\u0107 dr\u0105\u017cka: 520 mm<\/p>\n<p>Ca\u0142kowite wymiary produktu: 180&#215;900 mm<\/p>\n<p>Waga: 3,5 kg<\/p>\n<p>Wyczystka kominowa odlewanym wsp\u00f3lnie ramieniem &#8211; nienitowana. Z otworami do czyszczenia sadzy<\/p>\n<p>Z \u017celiwa.<\/p>\n","protected":false},"featured_media":14465,"template":"","meta":[],"product_cat":[239],"product_tag":[],"class_list":{"0":"post-14359","1":"product","2":"type-product","3":"status-publish","4":"has-post-thumbnail","6":"product_cat-wyczystki-kominowe","8":"first","9":"instock","10":"taxable","11":"shipping-taxable","12":"purchasable","13":"product-type-simple"},"_links":{"self":[{"href":"https:\/\/jugne.pl\/en\/wp-json\/wp\/v2\/product\/14359","targetHints":{"allow":["GET"]}}],"collection":[{"href":"https:\/\/jugne.pl\/en\/wp-json\/wp\/v2\/product"}],"about":[{"href":"https:\/\/jugne.pl\/en\/wp-json\/wp\/v2\/types\/product"}],"version-history":[{"count":1,"href":"https:\/\/jugne.pl\/en\/wp-json\/wp\/v2\/product\/14359\/revisions"}],"predecessor-version":[{"id":14469,"href":"https:\/\/jugne.pl\/en\/wp-json\/wp\/v2\/product\/14359\/revisions\/14469"}],"wp:featuredmedia":[{"embeddable":true,"href":"https:\/\/jugne.pl\/en\/wp-json\/wp\/v2\/media\/14465"}],"wp:attachment":[{"href":"https:\/\/jugne.pl\/en\/wp-json\/wp\/v2\/media?parent=14359"}],"wp:term":[{"taxonomy":"product_cat","embeddable":true,"href":"https:\/\/jugne.pl\/en\/wp-json\/wp\/v2\/product_cat?post=14359"},{"taxonomy":"product_tag","embeddable":true,"href":"https:\/\/jugne.pl\/en\/wp-json\/wp\/v2\/product_tag?post=14359"}],"curies":[{"name":"wp","href":"https:\/\/api.w.org\/{rel}","templated":true}]}}