{"id":14361,"date":"2025-05-22T13:13:40","date_gmt":"2025-05-22T10:13:40","guid":{"rendered":"https:\/\/jugne.pl\/?post_type=product&#038;p=14361"},"modified":"2025-05-22T13:14:08","modified_gmt":"2025-05-22T10:14:08","slug":"a-26-wyczystka-kominowa-fi-180-mm","status":"publish","type":"product","link":"https:\/\/jugne.pl\/en\/produkt\/a-26-wyczystka-kominowa-fi-180-mm\/","title":{"rendered":"A-26 Wyczystka kominowa fi-180 mm"},"content":{"rendered":"","protected":false},"excerpt":{"rendered":"<p>Wymiary zewn\u0119trzne: 250&#215;255 mm<\/p>\n<p>Przek\u0105tna: 180 mm<\/p>\n<p>D\u0142ugo\u015b\u0107 dr\u0105\u017cka: 500 mm<\/p>\n<p>Ca\u0142kowite wymiary produktu: 250&#215;755 mm<\/p>\n<p>Waga: 6 kg<\/p>\n<p>Z dekoracyjnym uchwytem. Mo\u017ce by\u0107 prawo- lub lewor\u0119czny.<\/p>\n","protected":false},"featured_media":14495,"template":"","meta":[],"product_cat":[239],"product_tag":[],"class_list":{"0":"post-14361","1":"product","2":"type-product","3":"status-publish","4":"has-post-thumbnail","6":"product_cat-wyczystki-kominowe","8":"first","9":"instock","10":"taxable","11":"shipping-taxable","12":"purchasable","13":"product-type-simple"},"_links":{"self":[{"href":"https:\/\/jugne.pl\/en\/wp-json\/wp\/v2\/product\/14361","targetHints":{"allow":["GET"]}}],"collection":[{"href":"https:\/\/jugne.pl\/en\/wp-json\/wp\/v2\/product"}],"about":[{"href":"https:\/\/jugne.pl\/en\/wp-json\/wp\/v2\/types\/product"}],"version-history":[{"count":1,"href":"https:\/\/jugne.pl\/en\/wp-json\/wp\/v2\/product\/14361\/revisions"}],"predecessor-version":[{"id":14499,"href":"https:\/\/jugne.pl\/en\/wp-json\/wp\/v2\/product\/14361\/revisions\/14499"}],"wp:featuredmedia":[{"embeddable":true,"href":"https:\/\/jugne.pl\/en\/wp-json\/wp\/v2\/media\/14495"}],"wp:attachment":[{"href":"https:\/\/jugne.pl\/en\/wp-json\/wp\/v2\/media?parent=14361"}],"wp:term":[{"taxonomy":"product_cat","embeddable":true,"href":"https:\/\/jugne.pl\/en\/wp-json\/wp\/v2\/product_cat?post=14361"},{"taxonomy":"product_tag","embeddable":true,"href":"https:\/\/jugne.pl\/en\/wp-json\/wp\/v2\/product_tag?post=14361"}],"curies":[{"name":"wp","href":"https:\/\/api.w.org\/{rel}","templated":true}]}}