{"id":14364,"date":"2025-05-22T13:13:41","date_gmt":"2025-05-22T10:13:41","guid":{"rendered":"https:\/\/jugne.pl\/?post_type=product&#038;p=14364"},"modified":"2025-05-22T14:17:57","modified_gmt":"2025-05-22T11:17:57","slug":"a-29-wklad-do-plyty-kuchennej-330-mm","status":"publish","type":"product","link":"https:\/\/jugne.pl\/en\/produkt\/a-29-wklad-do-plyty-kuchennej-330-mm\/","title":{"rendered":"A-29 Wk\u0142ad do p\u0142yty kuchennej 330 mm"},"content":{"rendered":"","protected":false},"excerpt":{"rendered":"<p>Kod produktu: A29<\/p>\n<p>Przek\u0105tna: 330 mm<\/p>\n<p>Waga: 5 kg<\/p>\n<p>Wyj\u0105tkowy sk\u0142ad \u017celiwa (nie p\u0119ka, nie deformuje si\u0119)<\/p>\n<p>Z \u017celiwa.<\/p>\n","protected":false},"featured_media":14510,"template":"","meta":[],"product_cat":[241],"product_tag":[],"class_list":{"0":"post-14364","1":"product","2":"type-product","3":"status-publish","4":"has-post-thumbnail","6":"product_cat-wklady-do-plyt-kuchennych","8":"first","9":"instock","10":"taxable","11":"shipping-taxable","12":"purchasable","13":"product-type-simple"},"_links":{"self":[{"href":"https:\/\/jugne.pl\/en\/wp-json\/wp\/v2\/product\/14364","targetHints":{"allow":["GET"]}}],"collection":[{"href":"https:\/\/jugne.pl\/en\/wp-json\/wp\/v2\/product"}],"about":[{"href":"https:\/\/jugne.pl\/en\/wp-json\/wp\/v2\/types\/product"}],"version-history":[{"count":1,"href":"https:\/\/jugne.pl\/en\/wp-json\/wp\/v2\/product\/14364\/revisions"}],"predecessor-version":[{"id":14514,"href":"https:\/\/jugne.pl\/en\/wp-json\/wp\/v2\/product\/14364\/revisions\/14514"}],"wp:featuredmedia":[{"embeddable":true,"href":"https:\/\/jugne.pl\/en\/wp-json\/wp\/v2\/media\/14510"}],"wp:attachment":[{"href":"https:\/\/jugne.pl\/en\/wp-json\/wp\/v2\/media?parent=14364"}],"wp:term":[{"taxonomy":"product_cat","embeddable":true,"href":"https:\/\/jugne.pl\/en\/wp-json\/wp\/v2\/product_cat?post=14364"},{"taxonomy":"product_tag","embeddable":true,"href":"https:\/\/jugne.pl\/en\/wp-json\/wp\/v2\/product_tag?post=14364"}],"curies":[{"name":"wp","href":"https:\/\/api.w.org\/{rel}","templated":true}]}}