{"id":14369,"date":"2025-05-22T13:13:41","date_gmt":"2025-05-22T10:13:41","guid":{"rendered":"https:\/\/jugne.pl\/?post_type=product&#038;p=14369"},"modified":"2025-05-22T13:14:16","modified_gmt":"2025-05-22T10:14:16","slug":"a-34b-piekarnik","status":"publish","type":"product","link":"https:\/\/jugne.pl\/en\/produkt\/a-34b-piekarnik\/","title":{"rendered":"A-34B Piekarnik"},"content":{"rendered":"","protected":false},"excerpt":{"rendered":"<p>Kod produktu: A34b<\/p>\n<p>Wymiary: 310x365x465 mm<\/p>\n<p>Waga: 34 kg<\/p>\n<p>Pokryte farb\u0105 \u017caroodporn\u0105, wyposa\u017cone w szk\u0142o \u017caroodporn\u0105.<\/p>\n<p>Z \u017celiwa.<\/p>\n","protected":false},"featured_media":14535,"template":"","meta":[],"product_cat":[238],"product_tag":[],"class_list":{"0":"post-14369","1":"product","2":"type-product","3":"status-publish","4":"has-post-thumbnail","6":"product_cat-piekarniki","8":"first","9":"instock","10":"taxable","11":"shipping-taxable","12":"purchasable","13":"product-type-simple"},"_links":{"self":[{"href":"https:\/\/jugne.pl\/en\/wp-json\/wp\/v2\/product\/14369","targetHints":{"allow":["GET"]}}],"collection":[{"href":"https:\/\/jugne.pl\/en\/wp-json\/wp\/v2\/product"}],"about":[{"href":"https:\/\/jugne.pl\/en\/wp-json\/wp\/v2\/types\/product"}],"version-history":[{"count":1,"href":"https:\/\/jugne.pl\/en\/wp-json\/wp\/v2\/product\/14369\/revisions"}],"predecessor-version":[{"id":14539,"href":"https:\/\/jugne.pl\/en\/wp-json\/wp\/v2\/product\/14369\/revisions\/14539"}],"wp:featuredmedia":[{"embeddable":true,"href":"https:\/\/jugne.pl\/en\/wp-json\/wp\/v2\/media\/14535"}],"wp:attachment":[{"href":"https:\/\/jugne.pl\/en\/wp-json\/wp\/v2\/media?parent=14369"}],"wp:term":[{"taxonomy":"product_cat","embeddable":true,"href":"https:\/\/jugne.pl\/en\/wp-json\/wp\/v2\/product_cat?post=14369"},{"taxonomy":"product_tag","embeddable":true,"href":"https:\/\/jugne.pl\/en\/wp-json\/wp\/v2\/product_tag?post=14369"}],"curies":[{"name":"wp","href":"https:\/\/api.w.org\/{rel}","templated":true}]}}