{"id":14471,"date":"2025-05-22T13:14:03","date_gmt":"2025-05-22T10:14:03","guid":{"rendered":"https:\/\/jugne.pl\/?post_type=product&#038;p=14471"},"modified":"2025-05-22T13:14:19","modified_gmt":"2025-05-22T10:14:19","slug":"a-34c-piekarnik","status":"publish","type":"product","link":"https:\/\/jugne.pl\/en\/produkt\/a-34c-piekarnik\/","title":{"rendered":"A-34C Piekarnik"},"content":{"rendered":"","protected":false},"excerpt":{"rendered":"<p>Kod produktu: A34c<\/p>\n<p>Wymiary: 310x365x465 mm<\/p>\n<p>Waga: 32,5 kg<\/p>\n<p>Pokryte farb\u0105 \u017caroodporn\u0105, wyposa\u017cone w szk\u0142o \u017caroodporne.<\/p>\n<p>Z \u017celiwa.<\/p>\n","protected":false},"featured_media":14545,"template":"","meta":[],"product_cat":[238],"product_tag":[],"class_list":{"0":"post-14471","1":"product","2":"type-product","3":"status-publish","4":"has-post-thumbnail","6":"product_cat-piekarniki","8":"first","9":"instock","10":"taxable","11":"shipping-taxable","12":"purchasable","13":"product-type-simple"},"_links":{"self":[{"href":"https:\/\/jugne.pl\/en\/wp-json\/wp\/v2\/product\/14471","targetHints":{"allow":["GET"]}}],"collection":[{"href":"https:\/\/jugne.pl\/en\/wp-json\/wp\/v2\/product"}],"about":[{"href":"https:\/\/jugne.pl\/en\/wp-json\/wp\/v2\/types\/product"}],"version-history":[{"count":1,"href":"https:\/\/jugne.pl\/en\/wp-json\/wp\/v2\/product\/14471\/revisions"}],"predecessor-version":[{"id":14549,"href":"https:\/\/jugne.pl\/en\/wp-json\/wp\/v2\/product\/14471\/revisions\/14549"}],"wp:featuredmedia":[{"embeddable":true,"href":"https:\/\/jugne.pl\/en\/wp-json\/wp\/v2\/media\/14545"}],"wp:attachment":[{"href":"https:\/\/jugne.pl\/en\/wp-json\/wp\/v2\/media?parent=14471"}],"wp:term":[{"taxonomy":"product_cat","embeddable":true,"href":"https:\/\/jugne.pl\/en\/wp-json\/wp\/v2\/product_cat?post=14471"},{"taxonomy":"product_tag","embeddable":true,"href":"https:\/\/jugne.pl\/en\/wp-json\/wp\/v2\/product_tag?post=14471"}],"curies":[{"name":"wp","href":"https:\/\/api.w.org\/{rel}","templated":true}]}}