{"id":14474,"date":"2025-05-22T13:14:04","date_gmt":"2025-05-22T10:14:04","guid":{"rendered":"https:\/\/jugne.pl\/?post_type=product&#038;p=14474"},"modified":"2025-05-22T13:14:23","modified_gmt":"2025-05-22T10:14:23","slug":"g-5g-wykonczenie-pieca-1200x900-mm","status":"publish","type":"product","link":"https:\/\/jugne.pl\/en\/produkt\/g-5g-wykonczenie-pieca-1200x900-mm\/","title":{"rendered":"G-5G Wyko\u0144czenie pieca 1200&#215;900 mm"},"content":{"rendered":"","protected":false},"excerpt":{"rendered":"<p>Kod produktu: G5g<\/p>\n<p>Wymiary: 1200&#215;900 mm<\/p>\n<p>Opis: wyko\u0144czenie z odlewanymi wspornikami z br\u0105zu i rurk\u0105 z br\u0105zu. (Blacha nierdzewna 2 mm)<\/p>\n","protected":false},"featured_media":14560,"template":"","meta":[],"product_cat":[235],"product_tag":[],"class_list":{"0":"post-14474","1":"product","2":"type-product","3":"status-publish","4":"has-post-thumbnail","6":"product_cat-wykonczenie-pieca","8":"first","9":"instock","10":"taxable","11":"shipping-taxable","12":"purchasable","13":"product-type-simple"},"_links":{"self":[{"href":"https:\/\/jugne.pl\/en\/wp-json\/wp\/v2\/product\/14474","targetHints":{"allow":["GET"]}}],"collection":[{"href":"https:\/\/jugne.pl\/en\/wp-json\/wp\/v2\/product"}],"about":[{"href":"https:\/\/jugne.pl\/en\/wp-json\/wp\/v2\/types\/product"}],"version-history":[{"count":1,"href":"https:\/\/jugne.pl\/en\/wp-json\/wp\/v2\/product\/14474\/revisions"}],"predecessor-version":[{"id":14564,"href":"https:\/\/jugne.pl\/en\/wp-json\/wp\/v2\/product\/14474\/revisions\/14564"}],"wp:featuredmedia":[{"embeddable":true,"href":"https:\/\/jugne.pl\/en\/wp-json\/wp\/v2\/media\/14560"}],"wp:attachment":[{"href":"https:\/\/jugne.pl\/en\/wp-json\/wp\/v2\/media?parent=14474"}],"wp:term":[{"taxonomy":"product_cat","embeddable":true,"href":"https:\/\/jugne.pl\/en\/wp-json\/wp\/v2\/product_cat?post=14474"},{"taxonomy":"product_tag","embeddable":true,"href":"https:\/\/jugne.pl\/en\/wp-json\/wp\/v2\/product_tag?post=14474"}],"curies":[{"name":"wp","href":"https:\/\/api.w.org\/{rel}","templated":true}]}}