{"id":14480,"date":"2025-05-22T13:14:04","date_gmt":"2025-05-22T10:14:04","guid":{"rendered":"https:\/\/jugne.pl\/?post_type=product&#038;p=14480"},"modified":"2025-05-22T13:14:34","modified_gmt":"2025-05-22T10:14:34","slug":"z-8-drzwiczki-kominkowe-500x460-mm","status":"publish","type":"product","link":"https:\/\/jugne.pl\/en\/produkt\/z-8-drzwiczki-kominkowe-500x460-mm\/","title":{"rendered":"Z-8 Drzwiczki kominkowe 500&#215;460 mm"},"content":{"rendered":"","protected":false},"excerpt":{"rendered":"<p>Wymiary zewn\u0119trzne: 500&#215;460 mm<\/p>\n<p>Wymiary wewn\u0119trzne: 395&#215;390 mm<\/p>\n<p>Waga: 19 kg<\/p>\n<p>Mo\u017cliwo\u015b\u0107 wyboru lewego lub prawego skrzyd\u0142a<\/p>\n<p>Farba \u017caroodporna. Wyposa\u017cone w uszczelki z tkaniny szklanej oraz \u017caroodporn\u0105 ceramik\u0119 szklan\u0105<\/p>\n<p>Z \u017celiwa.<\/p>\n","protected":false},"featured_media":14607,"template":"","meta":[],"product_cat":[242],"product_tag":[],"class_list":{"0":"post-14480","1":"product","2":"type-product","3":"status-publish","4":"has-post-thumbnail","6":"product_cat-drzwiczki-kominkowe","8":"first","9":"instock","10":"taxable","11":"shipping-taxable","12":"purchasable","13":"product-type-simple"},"_links":{"self":[{"href":"https:\/\/jugne.pl\/en\/wp-json\/wp\/v2\/product\/14480","targetHints":{"allow":["GET"]}}],"collection":[{"href":"https:\/\/jugne.pl\/en\/wp-json\/wp\/v2\/product"}],"about":[{"href":"https:\/\/jugne.pl\/en\/wp-json\/wp\/v2\/types\/product"}],"version-history":[{"count":1,"href":"https:\/\/jugne.pl\/en\/wp-json\/wp\/v2\/product\/14480\/revisions"}],"predecessor-version":[{"id":14611,"href":"https:\/\/jugne.pl\/en\/wp-json\/wp\/v2\/product\/14480\/revisions\/14611"}],"wp:featuredmedia":[{"embeddable":true,"href":"https:\/\/jugne.pl\/en\/wp-json\/wp\/v2\/media\/14607"}],"wp:attachment":[{"href":"https:\/\/jugne.pl\/en\/wp-json\/wp\/v2\/media?parent=14480"}],"wp:term":[{"taxonomy":"product_cat","embeddable":true,"href":"https:\/\/jugne.pl\/en\/wp-json\/wp\/v2\/product_cat?post=14480"},{"taxonomy":"product_tag","embeddable":true,"href":"https:\/\/jugne.pl\/en\/wp-json\/wp\/v2\/product_tag?post=14480"}],"curies":[{"name":"wp","href":"https:\/\/api.w.org\/{rel}","templated":true}]}}