{"id":14486,"date":"2025-05-22T13:14:05","date_gmt":"2025-05-22T10:14:05","guid":{"rendered":"https:\/\/jugne.pl\/?post_type=product&#038;p=14486"},"modified":"2025-05-22T13:14:40","modified_gmt":"2025-05-22T10:14:40","slug":"z-20-drzwiczki-do-pieca-chlebowego-290x470-mm","status":"publish","type":"product","link":"https:\/\/jugne.pl\/en\/produkt\/z-20-drzwiczki-do-pieca-chlebowego-290x470-mm\/","title":{"rendered":"Z-20 Drzwiczki do pieca chlebowego 290&#215;470 mm"},"content":{"rendered":"","protected":false},"excerpt":{"rendered":"<p>Wymiary zewn\u0119trzne: 290&#215;470 mm<\/p>\n<p>Wymiary wewn\u0119trzne: 235&#215;415 mm<\/p>\n<p>Waga: 7,5 kg<\/p>\n<p>Farba \u017caroodporna. Wyposa\u017cone w uszczelki z tkaniny szklanej oraz \u017caroodporn\u0105 ceramik\u0119 szklan\u0105<\/p>\n<p>Z \u017celiwa.<\/p>\n","protected":false},"featured_media":14637,"template":"","meta":[],"product_cat":[242],"product_tag":[],"class_list":{"0":"post-14486","1":"product","2":"type-product","3":"status-publish","4":"has-post-thumbnail","6":"product_cat-drzwiczki-kominkowe","8":"first","9":"instock","10":"taxable","11":"shipping-taxable","12":"purchasable","13":"product-type-simple"},"_links":{"self":[{"href":"https:\/\/jugne.pl\/en\/wp-json\/wp\/v2\/product\/14486","targetHints":{"allow":["GET"]}}],"collection":[{"href":"https:\/\/jugne.pl\/en\/wp-json\/wp\/v2\/product"}],"about":[{"href":"https:\/\/jugne.pl\/en\/wp-json\/wp\/v2\/types\/product"}],"version-history":[{"count":1,"href":"https:\/\/jugne.pl\/en\/wp-json\/wp\/v2\/product\/14486\/revisions"}],"predecessor-version":[{"id":14641,"href":"https:\/\/jugne.pl\/en\/wp-json\/wp\/v2\/product\/14486\/revisions\/14641"}],"wp:featuredmedia":[{"embeddable":true,"href":"https:\/\/jugne.pl\/en\/wp-json\/wp\/v2\/media\/14637"}],"wp:attachment":[{"href":"https:\/\/jugne.pl\/en\/wp-json\/wp\/v2\/media?parent=14486"}],"wp:term":[{"taxonomy":"product_cat","embeddable":true,"href":"https:\/\/jugne.pl\/en\/wp-json\/wp\/v2\/product_cat?post=14486"},{"taxonomy":"product_tag","embeddable":true,"href":"https:\/\/jugne.pl\/en\/wp-json\/wp\/v2\/product_tag?post=14486"}],"curies":[{"name":"wp","href":"https:\/\/api.w.org\/{rel}","templated":true}]}}