{"id":14488,"date":"2025-05-22T13:14:05","date_gmt":"2025-05-22T10:14:05","guid":{"rendered":"https:\/\/jugne.pl\/?post_type=product&#038;p=14488"},"modified":"2025-05-22T13:14:43","modified_gmt":"2025-05-22T10:14:43","slug":"z-22-drzwi-kominkowe-495x495-mm","status":"publish","type":"product","link":"https:\/\/jugne.pl\/en\/produkt\/z-22-drzwi-kominkowe-495x495-mm\/","title":{"rendered":"Z-22 Drzwi kominkowe 495&#215;495 mm"},"content":{"rendered":"","protected":false},"excerpt":{"rendered":"<p>Wymiary zewn\u0119trzne: 495&#215;495 mm<\/p>\n<p>Wymiary wewn\u0119trzne: 410&#215;410 mm<\/p>\n<p>Waga: 18,5 kg<\/p>\n<p>Farba \u017caroodporna. Wyposa\u017cone w uszczelki z tkaniny szklanej oraz \u017caroodporn\u0105 ceramik\u0119 szklan\u0105<\/p>\n<p>Z \u017celiwa.<\/p>\n","protected":false},"featured_media":14647,"template":"","meta":[],"product_cat":[242],"product_tag":[],"class_list":{"0":"post-14488","1":"product","2":"type-product","3":"status-publish","4":"has-post-thumbnail","6":"product_cat-drzwiczki-kominkowe","8":"first","9":"instock","10":"taxable","11":"shipping-taxable","12":"purchasable","13":"product-type-simple"},"_links":{"self":[{"href":"https:\/\/jugne.pl\/en\/wp-json\/wp\/v2\/product\/14488","targetHints":{"allow":["GET"]}}],"collection":[{"href":"https:\/\/jugne.pl\/en\/wp-json\/wp\/v2\/product"}],"about":[{"href":"https:\/\/jugne.pl\/en\/wp-json\/wp\/v2\/types\/product"}],"version-history":[{"count":1,"href":"https:\/\/jugne.pl\/en\/wp-json\/wp\/v2\/product\/14488\/revisions"}],"predecessor-version":[{"id":14651,"href":"https:\/\/jugne.pl\/en\/wp-json\/wp\/v2\/product\/14488\/revisions\/14651"}],"wp:featuredmedia":[{"embeddable":true,"href":"https:\/\/jugne.pl\/en\/wp-json\/wp\/v2\/media\/14647"}],"wp:attachment":[{"href":"https:\/\/jugne.pl\/en\/wp-json\/wp\/v2\/media?parent=14488"}],"wp:term":[{"taxonomy":"product_cat","embeddable":true,"href":"https:\/\/jugne.pl\/en\/wp-json\/wp\/v2\/product_cat?post=14488"},{"taxonomy":"product_tag","embeddable":true,"href":"https:\/\/jugne.pl\/en\/wp-json\/wp\/v2\/product_tag?post=14488"}],"curies":[{"name":"wp","href":"https:\/\/api.w.org\/{rel}","templated":true}]}}