{"id":14575,"date":"2025-05-22T13:14:27","date_gmt":"2025-05-22T10:14:27","guid":{"rendered":"https:\/\/jugne.pl\/?post_type=product&#038;p=14575"},"modified":"2025-05-22T13:14:46","modified_gmt":"2025-05-22T10:14:46","slug":"drzwiczki-kominkowe-z-12s-495x325-mm","status":"publish","type":"product","link":"https:\/\/jugne.pl\/en\/produkt\/drzwiczki-kominkowe-z-12s-495x325-mm\/","title":{"rendered":"Drzwiczki kominkowe Z-12S 495&#215;325 mm"},"content":{"rendered":"","protected":false},"excerpt":{"rendered":"<p>Wymiary zewn\u0119trzne: 485&#215;325 mm<\/p>\n<p>Wymiary wewn\u0119trzne: 405&#215;245 mm<\/p>\n<p>Waga: 13,5 kg<\/p>\n<p>Farba \u017caroodporna. Wyposa\u017cone w uszczelki z tkaniny szklanej oraz \u017caroodporn\u0105 ceramik\u0119 szklan\u0105<\/p>\n<p>Z \u017celiwa.<\/p>\n","protected":false},"featured_media":14657,"template":"","meta":[],"product_cat":[242],"product_tag":[],"class_list":{"0":"post-14575","1":"product","2":"type-product","3":"status-publish","4":"has-post-thumbnail","6":"product_cat-drzwiczki-kominkowe","8":"first","9":"instock","10":"taxable","11":"shipping-taxable","12":"purchasable","13":"product-type-simple"},"_links":{"self":[{"href":"https:\/\/jugne.pl\/en\/wp-json\/wp\/v2\/product\/14575","targetHints":{"allow":["GET"]}}],"collection":[{"href":"https:\/\/jugne.pl\/en\/wp-json\/wp\/v2\/product"}],"about":[{"href":"https:\/\/jugne.pl\/en\/wp-json\/wp\/v2\/types\/product"}],"version-history":[{"count":1,"href":"https:\/\/jugne.pl\/en\/wp-json\/wp\/v2\/product\/14575\/revisions"}],"predecessor-version":[{"id":14661,"href":"https:\/\/jugne.pl\/en\/wp-json\/wp\/v2\/product\/14575\/revisions\/14661"}],"wp:featuredmedia":[{"embeddable":true,"href":"https:\/\/jugne.pl\/en\/wp-json\/wp\/v2\/media\/14657"}],"wp:attachment":[{"href":"https:\/\/jugne.pl\/en\/wp-json\/wp\/v2\/media?parent=14575"}],"wp:term":[{"taxonomy":"product_cat","embeddable":true,"href":"https:\/\/jugne.pl\/en\/wp-json\/wp\/v2\/product_cat?post=14575"},{"taxonomy":"product_tag","embeddable":true,"href":"https:\/\/jugne.pl\/en\/wp-json\/wp\/v2\/product_tag?post=14575"}],"curies":[{"name":"wp","href":"https:\/\/api.w.org\/{rel}","templated":true}]}}