{"id":14588,"date":"2025-05-22T13:14:28","date_gmt":"2025-05-22T10:14:28","guid":{"rendered":"https:\/\/jugne.pl\/?post_type=product&#038;p=14588"},"modified":"2025-05-22T13:15:07","modified_gmt":"2025-05-22T10:15:07","slug":"k-30-drzwiczki-kominkowe-750x635-mm","status":"publish","type":"product","link":"https:\/\/jugne.pl\/en\/produkt\/k-30-drzwiczki-kominkowe-750x635-mm\/","title":{"rendered":"K-30 Drzwiczki kominkowe 750&#215;635 mm"},"content":{"rendered":"","protected":false},"excerpt":{"rendered":"<p>Wymiary zewn\u0119trzne: 750&#215;635 mm<\/p>\n<p>Wymiary wewn\u0119trzne: 655&#215;505 mm<\/p>\n<p>Waga: 32 kg<\/p>\n<p>Farba \u017caroodporna. Wyposa\u017cone w uszczelki z tkaniny szklanej oraz \u017caroodporn\u0105 ceramik\u0119 szklan\u0105<\/p>\n<p>Z \u017celiwa.<\/p>\n","protected":false},"featured_media":14738,"template":"","meta":[],"product_cat":[242],"product_tag":[],"class_list":{"0":"post-14588","1":"product","2":"type-product","3":"status-publish","4":"has-post-thumbnail","6":"product_cat-drzwiczki-kominkowe","8":"first","9":"instock","10":"taxable","11":"shipping-taxable","12":"purchasable","13":"product-type-simple"},"_links":{"self":[{"href":"https:\/\/jugne.pl\/en\/wp-json\/wp\/v2\/product\/14588","targetHints":{"allow":["GET"]}}],"collection":[{"href":"https:\/\/jugne.pl\/en\/wp-json\/wp\/v2\/product"}],"about":[{"href":"https:\/\/jugne.pl\/en\/wp-json\/wp\/v2\/types\/product"}],"version-history":[{"count":1,"href":"https:\/\/jugne.pl\/en\/wp-json\/wp\/v2\/product\/14588\/revisions"}],"predecessor-version":[{"id":14742,"href":"https:\/\/jugne.pl\/en\/wp-json\/wp\/v2\/product\/14588\/revisions\/14742"}],"wp:featuredmedia":[{"embeddable":true,"href":"https:\/\/jugne.pl\/en\/wp-json\/wp\/v2\/media\/14738"}],"wp:attachment":[{"href":"https:\/\/jugne.pl\/en\/wp-json\/wp\/v2\/media?parent=14588"}],"wp:term":[{"taxonomy":"product_cat","embeddable":true,"href":"https:\/\/jugne.pl\/en\/wp-json\/wp\/v2\/product_cat?post=14588"},{"taxonomy":"product_tag","embeddable":true,"href":"https:\/\/jugne.pl\/en\/wp-json\/wp\/v2\/product_tag?post=14588"}],"curies":[{"name":"wp","href":"https:\/\/api.w.org\/{rel}","templated":true}]}}