{"id":14673,"date":"2025-05-22T13:14:50","date_gmt":"2025-05-22T10:14:50","guid":{"rendered":"https:\/\/jugne.pl\/?post_type=product&#038;p=14673"},"modified":"2025-05-22T13:15:17","modified_gmt":"2025-05-22T10:15:17","slug":"f-3-kociolek-13-l","status":"publish","type":"product","link":"https:\/\/jugne.pl\/en\/produkt\/f-3-kociolek-13-l\/","title":{"rendered":"F-3 Kocio\u0142ek 13 L"},"content":{"rendered":"<p>\u017beliwny kocio\u0142ek z pokrywk\u0105 do gotowania nad ogniskiem.<\/p>\n<p>Garnki \u017celiwne s\u0105 trwa\u0142e i nie zmieniaj\u0105 kszta\u0142tu, a potrawy w nich nie przywieraj\u0105, wi\u0119c nie ma potrzeby cz\u0119stego mieszania.<\/p>\n<p>Podczas gotowania lub sma\u017cenia, \u017celiwny garnek r\u00f3wnomiernie rozprowadza i utrzymuje temperatur\u0119, dzi\u0119ki czemu potrawy s\u0105 soczyste, a jedzenie zachowuje wi\u0119cej witamin, minera\u0142\u00f3w i innych korzystnych substancji. W por\u00f3wnaniu z zwyk\u0142ymi naczyniami, w garnkach \u017celiwnych jedzenie stygnie wolniej.<\/p>\n","protected":false},"excerpt":{"rendered":"<p>Waga: 14,5 kg<\/p>\n<p>Pojemno\u015b\u0107: 13 litr\u00f3w<\/p>\n<p>Mo\u017cna opala\u0107 (gotowe do u\u017cycia od razu)<\/p>\n<p>Turystyczny garnek \u017celiwny z dekoracj\u0105 na pokrywce<\/p>\n<p>Z \u017celiwa.<\/p>\n","protected":false},"featured_media":14778,"template":"","meta":[],"product_cat":[236],"product_tag":[],"class_list":{"0":"post-14673","1":"product","2":"type-product","3":"status-publish","4":"has-post-thumbnail","6":"product_cat-produkty-rekreacyjne","8":"first","9":"instock","10":"taxable","11":"shipping-taxable","12":"purchasable","13":"product-type-simple"},"_links":{"self":[{"href":"https:\/\/jugne.pl\/en\/wp-json\/wp\/v2\/product\/14673","targetHints":{"allow":["GET"]}}],"collection":[{"href":"https:\/\/jugne.pl\/en\/wp-json\/wp\/v2\/product"}],"about":[{"href":"https:\/\/jugne.pl\/en\/wp-json\/wp\/v2\/types\/product"}],"version-history":[{"count":1,"href":"https:\/\/jugne.pl\/en\/wp-json\/wp\/v2\/product\/14673\/revisions"}],"predecessor-version":[{"id":14782,"href":"https:\/\/jugne.pl\/en\/wp-json\/wp\/v2\/product\/14673\/revisions\/14782"}],"wp:featuredmedia":[{"embeddable":true,"href":"https:\/\/jugne.pl\/en\/wp-json\/wp\/v2\/media\/14778"}],"wp:attachment":[{"href":"https:\/\/jugne.pl\/en\/wp-json\/wp\/v2\/media?parent=14673"}],"wp:term":[{"taxonomy":"product_cat","embeddable":true,"href":"https:\/\/jugne.pl\/en\/wp-json\/wp\/v2\/product_cat?post=14673"},{"taxonomy":"product_tag","embeddable":true,"href":"https:\/\/jugne.pl\/en\/wp-json\/wp\/v2\/product_tag?post=14673"}],"curies":[{"name":"wp","href":"https:\/\/api.w.org\/{rel}","templated":true}]}}