{"id":14674,"date":"2025-05-22T13:14:50","date_gmt":"2025-05-22T10:14:50","guid":{"rendered":"https:\/\/jugne.pl\/?post_type=product&#038;p=14674"},"modified":"2025-05-22T13:15:19","modified_gmt":"2025-05-22T10:15:19","slug":"kp-3-patelnia-fi-460-mm","status":"publish","type":"product","link":"https:\/\/jugne.pl\/en\/produkt\/kp-3-patelnia-fi-460-mm\/","title":{"rendered":"KP-3 Patelnia fi-460 mm"},"content":{"rendered":"<p>\u017beliwna patelnia nadaje si\u0119 nie tylko do gotowania na w\u0119glu czy otwartym ogniu, ale r\u00f3wnie\u017c jako forma do pieczenia w piekarniku lub kuchence.<\/p>\n<p>Garnki \u017celiwne s\u0105 trwa\u0142e i nie zmieniaj\u0105 kszta\u0142tu, a potrawy w nich nie przywieraj\u0105, co eliminuje potrzeb\u0119 cz\u0119stego mieszania.<\/p>\n<p>Podczas gotowania lub sma\u017cenia w \u017celiwnym naczyniu temperatura jest r\u00f3wnomiernie rozpraszana i utrzymywana, dzi\u0119ki czemu potrawy s\u0105 soczyste, a przygotowywane dania zachowuj\u0105 wi\u0119cej witamin, minera\u0142\u00f3w i innych korzystnych sk\u0142adnik\u00f3w. W por\u00f3wnaniu z zwyk\u0142ymi naczyniami, w garnkach \u017celiwnych jedzenie stygnie wolniej.<\/p>\n","protected":false},"excerpt":{"rendered":"<p>\u015arednica: \u00d8 460<\/p>\n<p>G\u0142\u0119boko\u015b\u0107: 60 mm<\/p>\n<p>Waga: 13,5 kg<\/p>\n<p>Z \u017celiwa.<\/p>\n","protected":false},"featured_media":14783,"template":"","meta":[],"product_cat":[236],"product_tag":[],"class_list":{"0":"post-14674","1":"product","2":"type-product","3":"status-publish","4":"has-post-thumbnail","6":"product_cat-produkty-rekreacyjne","8":"first","9":"instock","10":"taxable","11":"shipping-taxable","12":"purchasable","13":"product-type-simple"},"_links":{"self":[{"href":"https:\/\/jugne.pl\/en\/wp-json\/wp\/v2\/product\/14674","targetHints":{"allow":["GET"]}}],"collection":[{"href":"https:\/\/jugne.pl\/en\/wp-json\/wp\/v2\/product"}],"about":[{"href":"https:\/\/jugne.pl\/en\/wp-json\/wp\/v2\/types\/product"}],"version-history":[{"count":1,"href":"https:\/\/jugne.pl\/en\/wp-json\/wp\/v2\/product\/14674\/revisions"}],"predecessor-version":[{"id":14787,"href":"https:\/\/jugne.pl\/en\/wp-json\/wp\/v2\/product\/14674\/revisions\/14787"}],"wp:featuredmedia":[{"embeddable":true,"href":"https:\/\/jugne.pl\/en\/wp-json\/wp\/v2\/media\/14783"}],"wp:attachment":[{"href":"https:\/\/jugne.pl\/en\/wp-json\/wp\/v2\/media?parent=14674"}],"wp:term":[{"taxonomy":"product_cat","embeddable":true,"href":"https:\/\/jugne.pl\/en\/wp-json\/wp\/v2\/product_cat?post=14674"},{"taxonomy":"product_tag","embeddable":true,"href":"https:\/\/jugne.pl\/en\/wp-json\/wp\/v2\/product_tag?post=14674"}],"curies":[{"name":"wp","href":"https:\/\/api.w.org\/{rel}","templated":true}]}}