{"id":14678,"date":"2025-05-22T13:14:50","date_gmt":"2025-05-22T10:14:50","guid":{"rendered":"https:\/\/jugne.pl\/?post_type=product&#038;p=14678"},"modified":"2025-05-22T13:15:21","modified_gmt":"2025-05-22T10:15:21","slug":"a-32c-drzwiczki-do-piekarnika-375x275-mm","status":"publish","type":"product","link":"https:\/\/jugne.pl\/en\/produkt\/a-32c-drzwiczki-do-piekarnika-375x275-mm\/","title":{"rendered":"A-32C Drzwiczki do piekarnika 375&#215;275 mm"},"content":{"rendered":"","protected":false},"excerpt":{"rendered":"<p><strong>A32c &#8211; Wysokiej jako\u015bci wzmocnione, \u017celiwne, dwuskrzyd\u0142owe drzwiczki do piekarnika <\/strong><\/p>\n<p>Wymiary zewn\u0119trzne: 375&#215;275 mm<\/p>\n<p>Wymiary wewn\u0119trzne: 305&#215;205 mm<\/p>\n<p>Waga: 7,3 kg<\/p>\n<p>Pokryte farb\u0105 \u017caroodporn\u0105.<\/p>\n<p>Z \u017celiwa.<\/p>\n","protected":false},"featured_media":14791,"template":"","meta":[],"product_cat":[234],"product_tag":[],"class_list":{"0":"post-14678","1":"product","2":"type-product","3":"status-publish","4":"has-post-thumbnail","6":"product_cat-drzwiczki","8":"first","9":"instock","10":"taxable","11":"shipping-taxable","12":"purchasable","13":"product-type-simple"},"_links":{"self":[{"href":"https:\/\/jugne.pl\/en\/wp-json\/wp\/v2\/product\/14678","targetHints":{"allow":["GET"]}}],"collection":[{"href":"https:\/\/jugne.pl\/en\/wp-json\/wp\/v2\/product"}],"about":[{"href":"https:\/\/jugne.pl\/en\/wp-json\/wp\/v2\/types\/product"}],"version-history":[{"count":1,"href":"https:\/\/jugne.pl\/en\/wp-json\/wp\/v2\/product\/14678\/revisions"}],"predecessor-version":[{"id":14795,"href":"https:\/\/jugne.pl\/en\/wp-json\/wp\/v2\/product\/14678\/revisions\/14795"}],"wp:featuredmedia":[{"embeddable":true,"href":"https:\/\/jugne.pl\/en\/wp-json\/wp\/v2\/media\/14791"}],"wp:attachment":[{"href":"https:\/\/jugne.pl\/en\/wp-json\/wp\/v2\/media?parent=14678"}],"wp:term":[{"taxonomy":"product_cat","embeddable":true,"href":"https:\/\/jugne.pl\/en\/wp-json\/wp\/v2\/product_cat?post=14678"},{"taxonomy":"product_tag","embeddable":true,"href":"https:\/\/jugne.pl\/en\/wp-json\/wp\/v2\/product_tag?post=14678"}],"curies":[{"name":"wp","href":"https:\/\/api.w.org\/{rel}","templated":true}]}}