{"id":14683,"date":"2025-05-22T13:14:51","date_gmt":"2025-05-22T10:14:51","guid":{"rendered":"https:\/\/jugne.pl\/?post_type=product&#038;p=14683"},"modified":"2025-05-22T13:15:22","modified_gmt":"2025-05-22T10:15:22","slug":"z-23j-drzwiczki-kominkowe-385x325-mm","status":"publish","type":"product","link":"https:\/\/jugne.pl\/en\/produkt\/z-23j-drzwiczki-kominkowe-385x325-mm\/","title":{"rendered":"Z-23J Drzwiczki kominkowe 385&#215;325 mm"},"content":{"rendered":"","protected":false},"excerpt":{"rendered":"<p>Kod produktu: Z-23j<\/p>\n<p>Wymiary zewn\u0119trzne: 385&#215;325 mm<\/p>\n<p>Wymiary wewn\u0119trzne: 310&#215;245 mm<\/p>\n<p>Waga: 12 kg<\/p>\n<p>Farba \u017caroodporna. Wyposa\u017cone w uszczelki z tkaniny szklanej oraz \u017caroodporn\u0105 ceramik\u0119 szklan\u0105<\/p>\n","protected":false},"featured_media":13352,"template":"","meta":[],"product_cat":[242,237],"product_tag":[],"class_list":{"0":"post-14683","1":"product","2":"type-product","3":"status-publish","4":"has-post-thumbnail","6":"product_cat-drzwiczki-kominkowe","7":"product_cat-nowosci","9":"first","10":"instock","11":"taxable","12":"shipping-taxable","13":"purchasable","14":"product-type-simple"},"_links":{"self":[{"href":"https:\/\/jugne.pl\/en\/wp-json\/wp\/v2\/product\/14683","targetHints":{"allow":["GET"]}}],"collection":[{"href":"https:\/\/jugne.pl\/en\/wp-json\/wp\/v2\/product"}],"about":[{"href":"https:\/\/jugne.pl\/en\/wp-json\/wp\/v2\/types\/product"}],"version-history":[{"count":1,"href":"https:\/\/jugne.pl\/en\/wp-json\/wp\/v2\/product\/14683\/revisions"}],"predecessor-version":[{"id":14808,"href":"https:\/\/jugne.pl\/en\/wp-json\/wp\/v2\/product\/14683\/revisions\/14808"}],"wp:featuredmedia":[{"embeddable":true,"href":"https:\/\/jugne.pl\/en\/wp-json\/wp\/v2\/media\/13352"}],"wp:attachment":[{"href":"https:\/\/jugne.pl\/en\/wp-json\/wp\/v2\/media?parent=14683"}],"wp:term":[{"taxonomy":"product_cat","embeddable":true,"href":"https:\/\/jugne.pl\/en\/wp-json\/wp\/v2\/product_cat?post=14683"},{"taxonomy":"product_tag","embeddable":true,"href":"https:\/\/jugne.pl\/en\/wp-json\/wp\/v2\/product_tag?post=14683"}],"curies":[{"name":"wp","href":"https:\/\/api.w.org\/{rel}","templated":true}]}}