{"id":14686,"date":"2025-05-22T13:14:51","date_gmt":"2025-05-22T10:14:51","guid":{"rendered":"https:\/\/jugne.pl\/?post_type=product&#038;p=14686"},"modified":"2025-05-22T13:15:22","modified_gmt":"2025-05-22T10:15:22","slug":"g-5j-wykonczenie-pieca-760x455-mm","status":"publish","type":"product","link":"https:\/\/jugne.pl\/en\/produkt\/g-5j-wykonczenie-pieca-760x455-mm\/","title":{"rendered":"G-5J Wyko\u0144czenie pieca 760&#215;455 mm"},"content":{"rendered":"","protected":false},"excerpt":{"rendered":"<p>Wymiary: 760*455 mm<\/p>\n<p>Waga: 12 kg<\/p>\n<p>Charakterystyka: wsporniki \u017celiwne, aluminiowa rura.<\/p>\n<p>Wymiary pasuj\u0105 do nast\u0119puj\u0105cych p\u0142yt kuchennych:<\/p>\n<p>A-20; A-36; A-36a.<\/p>\n<p>Polerowana\/malowana blacha o grubo\u015bci 3 mm.<\/p>\n","protected":false},"featured_media":13367,"template":"","meta":[],"product_cat":[235],"product_tag":[],"class_list":{"0":"post-14686","1":"product","2":"type-product","3":"status-publish","4":"has-post-thumbnail","6":"product_cat-wykonczenie-pieca","8":"first","9":"instock","10":"taxable","11":"shipping-taxable","12":"purchasable","13":"product-type-simple"},"_links":{"self":[{"href":"https:\/\/jugne.pl\/en\/wp-json\/wp\/v2\/product\/14686","targetHints":{"allow":["GET"]}}],"collection":[{"href":"https:\/\/jugne.pl\/en\/wp-json\/wp\/v2\/product"}],"about":[{"href":"https:\/\/jugne.pl\/en\/wp-json\/wp\/v2\/types\/product"}],"version-history":[{"count":1,"href":"https:\/\/jugne.pl\/en\/wp-json\/wp\/v2\/product\/14686\/revisions"}],"predecessor-version":[{"id":14811,"href":"https:\/\/jugne.pl\/en\/wp-json\/wp\/v2\/product\/14686\/revisions\/14811"}],"wp:featuredmedia":[{"embeddable":true,"href":"https:\/\/jugne.pl\/en\/wp-json\/wp\/v2\/media\/13367"}],"wp:attachment":[{"href":"https:\/\/jugne.pl\/en\/wp-json\/wp\/v2\/media?parent=14686"}],"wp:term":[{"taxonomy":"product_cat","embeddable":true,"href":"https:\/\/jugne.pl\/en\/wp-json\/wp\/v2\/product_cat?post=14686"},{"taxonomy":"product_tag","embeddable":true,"href":"https:\/\/jugne.pl\/en\/wp-json\/wp\/v2\/product_tag?post=14686"}],"curies":[{"name":"wp","href":"https:\/\/api.w.org\/{rel}","templated":true}]}}