{"id":14687,"date":"2025-05-22T13:14:51","date_gmt":"2025-05-22T10:14:51","guid":{"rendered":"https:\/\/jugne.pl\/?post_type=product&#038;p=14687"},"modified":"2025-05-22T13:15:22","modified_gmt":"2025-05-22T10:15:22","slug":"g-5j-wykonczenie-pieca-900x520-mm","status":"publish","type":"product","link":"https:\/\/jugne.pl\/en\/produkt\/g-5j-wykonczenie-pieca-900x520-mm\/","title":{"rendered":"G-5j Wyko\u0144czenie pieca 900&#215;520 mm"},"content":{"rendered":"<p>Wymiary: 900*520 mm<\/p>\n<p>Waga: 14 kg<\/p>\n<p>Charakterystyka: Wsporniki \u017celiwne, aluminiowa rura.<\/p>\n<p>Wymiary pasuj\u0105 do nast\u0119puj\u0105cych p\u0142yt kuchennych:<\/p>\n<p>A-18a; A-18.<\/p>\n<p>Polerowana\/malowana blacha o grubo\u015bci 3 mm.<\/p>\n","protected":false},"excerpt":{"rendered":"<p>Wymiary: 900*520 mm Waga: 14 kg Charakterystyka: Wsporniki \u017celiwne, aluminiowa rura. Wymiary pasuj\u0105 do nast\u0119puj\u0105cych p\u0142yt kuchennych: A-18a; A-18. Polerowana\/malowana<\/p>\n","protected":false},"featured_media":13372,"template":"","meta":[],"product_cat":[235],"product_tag":[],"class_list":{"0":"post-14687","1":"product","2":"type-product","3":"status-publish","4":"has-post-thumbnail","6":"product_cat-wykonczenie-pieca","8":"first","9":"instock","10":"taxable","11":"shipping-taxable","12":"purchasable","13":"product-type-simple"},"_links":{"self":[{"href":"https:\/\/jugne.pl\/en\/wp-json\/wp\/v2\/product\/14687","targetHints":{"allow":["GET"]}}],"collection":[{"href":"https:\/\/jugne.pl\/en\/wp-json\/wp\/v2\/product"}],"about":[{"href":"https:\/\/jugne.pl\/en\/wp-json\/wp\/v2\/types\/product"}],"version-history":[{"count":1,"href":"https:\/\/jugne.pl\/en\/wp-json\/wp\/v2\/product\/14687\/revisions"}],"predecessor-version":[{"id":14812,"href":"https:\/\/jugne.pl\/en\/wp-json\/wp\/v2\/product\/14687\/revisions\/14812"}],"wp:featuredmedia":[{"embeddable":true,"href":"https:\/\/jugne.pl\/en\/wp-json\/wp\/v2\/media\/13372"}],"wp:attachment":[{"href":"https:\/\/jugne.pl\/en\/wp-json\/wp\/v2\/media?parent=14687"}],"wp:term":[{"taxonomy":"product_cat","embeddable":true,"href":"https:\/\/jugne.pl\/en\/wp-json\/wp\/v2\/product_cat?post=14687"},{"taxonomy":"product_tag","embeddable":true,"href":"https:\/\/jugne.pl\/en\/wp-json\/wp\/v2\/product_tag?post=14687"}],"curies":[{"name":"wp","href":"https:\/\/api.w.org\/{rel}","templated":true}]}}