{"id":14763,"date":"2025-05-22T13:15:14","date_gmt":"2025-05-22T10:15:14","guid":{"rendered":"https:\/\/jugne.pl\/?post_type=product&#038;p=14763"},"modified":"2025-05-22T13:15:23","modified_gmt":"2025-05-22T10:15:23","slug":"ork-j-drzwiczki-do-piekarnika-320x385-mm","status":"publish","type":"product","link":"https:\/\/jugne.pl\/en\/produkt\/ork-j-drzwiczki-do-piekarnika-320x385-mm\/","title":{"rendered":"ORK-J Drzwiczki do piekarnika 320&#215;385 mm"},"content":{"rendered":"","protected":false},"excerpt":{"rendered":"<p>Wymiary zewn\u0119trzne: 320&#215;385 mm<\/p>\n<p>Wymiary wewn\u0119trzne: 255&#215;320 mm<\/p>\n<p>Waga: 8 kg<\/p>\n<p>Farba \u017caroodporna. Wyposa\u017cone w uszczelki z tkaniny szklanej oraz \u017caroodporn\u0105 ceramik\u0119 szklan\u0105<\/p>\n<p>Z \u017celiwa.<\/p>\n","protected":false},"featured_media":13377,"template":"","meta":[],"product_cat":[242,237],"product_tag":[],"class_list":{"0":"post-14763","1":"product","2":"type-product","3":"status-publish","4":"has-post-thumbnail","6":"product_cat-drzwiczki-kominkowe","7":"product_cat-nowosci","9":"first","10":"instock","11":"taxable","12":"shipping-taxable","13":"purchasable","14":"product-type-simple"},"_links":{"self":[{"href":"https:\/\/jugne.pl\/en\/wp-json\/wp\/v2\/product\/14763","targetHints":{"allow":["GET"]}}],"collection":[{"href":"https:\/\/jugne.pl\/en\/wp-json\/wp\/v2\/product"}],"about":[{"href":"https:\/\/jugne.pl\/en\/wp-json\/wp\/v2\/types\/product"}],"version-history":[{"count":1,"href":"https:\/\/jugne.pl\/en\/wp-json\/wp\/v2\/product\/14763\/revisions"}],"predecessor-version":[{"id":14813,"href":"https:\/\/jugne.pl\/en\/wp-json\/wp\/v2\/product\/14763\/revisions\/14813"}],"wp:featuredmedia":[{"embeddable":true,"href":"https:\/\/jugne.pl\/en\/wp-json\/wp\/v2\/media\/13377"}],"wp:attachment":[{"href":"https:\/\/jugne.pl\/en\/wp-json\/wp\/v2\/media?parent=14763"}],"wp:term":[{"taxonomy":"product_cat","embeddable":true,"href":"https:\/\/jugne.pl\/en\/wp-json\/wp\/v2\/product_cat?post=14763"},{"taxonomy":"product_tag","embeddable":true,"href":"https:\/\/jugne.pl\/en\/wp-json\/wp\/v2\/product_tag?post=14763"}],"curies":[{"name":"wp","href":"https:\/\/api.w.org\/{rel}","templated":true}]}}