{"id":14764,"date":"2025-05-22T13:15:14","date_gmt":"2025-05-22T10:15:14","guid":{"rendered":"https:\/\/jugne.pl\/?post_type=product&#038;p=14764"},"modified":"2025-05-22T13:15:23","modified_gmt":"2025-05-22T10:15:23","slug":"a-34j-piekarnik","status":"publish","type":"product","link":"https:\/\/jugne.pl\/en\/produkt\/a-34j-piekarnik\/","title":{"rendered":"A-34J Piekarnik"},"content":{"rendered":"","protected":false},"excerpt":{"rendered":"<p>Kod produktu: A-34J<\/p>\n<p>Wymiary: 315x385x465 mm<\/p>\n<p>Waga: 37 kg<\/p>\n<p>Pokryte \u017caroodporn\u0105 farb\u0105, z ga\u0142k\u0105 \u017caroodporn\u0105.<\/p>\n<p>Z \u017celiwa.<\/p>\n","protected":false},"featured_media":13382,"template":"","meta":[],"product_cat":[238,237],"product_tag":[],"class_list":{"0":"post-14764","1":"product","2":"type-product","3":"status-publish","4":"has-post-thumbnail","6":"product_cat-piekarniki","7":"product_cat-nowosci","9":"first","10":"instock","11":"taxable","12":"shipping-taxable","13":"purchasable","14":"product-type-simple"},"_links":{"self":[{"href":"https:\/\/jugne.pl\/en\/wp-json\/wp\/v2\/product\/14764","targetHints":{"allow":["GET"]}}],"collection":[{"href":"https:\/\/jugne.pl\/en\/wp-json\/wp\/v2\/product"}],"about":[{"href":"https:\/\/jugne.pl\/en\/wp-json\/wp\/v2\/types\/product"}],"version-history":[{"count":1,"href":"https:\/\/jugne.pl\/en\/wp-json\/wp\/v2\/product\/14764\/revisions"}],"predecessor-version":[{"id":14814,"href":"https:\/\/jugne.pl\/en\/wp-json\/wp\/v2\/product\/14764\/revisions\/14814"}],"wp:featuredmedia":[{"embeddable":true,"href":"https:\/\/jugne.pl\/en\/wp-json\/wp\/v2\/media\/13382"}],"wp:attachment":[{"href":"https:\/\/jugne.pl\/en\/wp-json\/wp\/v2\/media?parent=14764"}],"wp:term":[{"taxonomy":"product_cat","embeddable":true,"href":"https:\/\/jugne.pl\/en\/wp-json\/wp\/v2\/product_cat?post=14764"},{"taxonomy":"product_tag","embeddable":true,"href":"https:\/\/jugne.pl\/en\/wp-json\/wp\/v2\/product_tag?post=14764"}],"curies":[{"name":"wp","href":"https:\/\/api.w.org\/{rel}","templated":true}]}}