{"id":14765,"date":"2025-05-22T13:15:14","date_gmt":"2025-05-22T10:15:14","guid":{"rendered":"https:\/\/jugne.pl\/?post_type=product&#038;p=14765"},"modified":"2025-05-22T13:15:41","modified_gmt":"2025-05-22T10:15:41","slug":"szklo-zaroodporne","status":"publish","type":"product","link":"https:\/\/jugne.pl\/en\/produkt\/szklo-zaroodporne\/","title":{"rendered":"Szk\u0142o \u017caroodporne"},"content":{"rendered":"","protected":false},"excerpt":{"rendered":"<p>Dobierz rozmiar szk\u0142a do posiadanego produktu.<\/p>\n","protected":false},"featured_media":13387,"template":"","meta":[],"product_cat":[233],"product_tag":[],"class_list":{"0":"post-14765","1":"product","2":"type-product","3":"status-publish","4":"has-post-thumbnail","6":"product_cat-czesci-zamienne-materialy-konserwacyjne","8":"first","9":"instock","10":"taxable","11":"shipping-taxable","12":"purchasable","13":"product-type-variable"},"_links":{"self":[{"href":"https:\/\/jugne.pl\/en\/wp-json\/wp\/v2\/product\/14765","targetHints":{"allow":["GET"]}}],"collection":[{"href":"https:\/\/jugne.pl\/en\/wp-json\/wp\/v2\/product"}],"about":[{"href":"https:\/\/jugne.pl\/en\/wp-json\/wp\/v2\/types\/product"}],"version-history":[{"count":1,"href":"https:\/\/jugne.pl\/en\/wp-json\/wp\/v2\/product\/14765\/revisions"}],"predecessor-version":[{"id":14815,"href":"https:\/\/jugne.pl\/en\/wp-json\/wp\/v2\/product\/14765\/revisions\/14815"}],"wp:featuredmedia":[{"embeddable":true,"href":"https:\/\/jugne.pl\/en\/wp-json\/wp\/v2\/media\/13387"}],"wp:attachment":[{"href":"https:\/\/jugne.pl\/en\/wp-json\/wp\/v2\/media?parent=14765"}],"wp:term":[{"taxonomy":"product_cat","embeddable":true,"href":"https:\/\/jugne.pl\/en\/wp-json\/wp\/v2\/product_cat?post=14765"},{"taxonomy":"product_tag","embeddable":true,"href":"https:\/\/jugne.pl\/en\/wp-json\/wp\/v2\/product_tag?post=14765"}],"curies":[{"name":"wp","href":"https:\/\/api.w.org\/{rel}","templated":true}]}}