{"id":14830,"date":"2025-05-22T13:15:29","date_gmt":"2025-05-22T10:15:29","guid":{"rendered":"https:\/\/jugne.pl\/?post_type=product&#038;p=14830"},"modified":"2025-05-22T13:15:41","modified_gmt":"2025-05-22T10:15:41","slug":"samoprzylepna-zaroodporna-uszczelka-szklana","status":"publish","type":"product","link":"https:\/\/jugne.pl\/en\/produkt\/samoprzylepna-zaroodporna-uszczelka-szklana\/","title":{"rendered":"Samoprzylepna, \u017caroodporna uszczelka szklana"},"content":{"rendered":"","protected":false},"excerpt":{"rendered":"<p>Wybierz odpowiedni\u0105 d\u0142ugo\u015b\u0107 liny.<\/p>\n","protected":false},"featured_media":13440,"template":"","meta":[],"product_cat":[233],"product_tag":[],"class_list":{"0":"post-14830","1":"product","2":"type-product","3":"status-publish","4":"has-post-thumbnail","6":"product_cat-czesci-zamienne-materialy-konserwacyjne","8":"first","9":"instock","10":"taxable","11":"shipping-taxable","12":"purchasable","13":"product-type-variable"},"_links":{"self":[{"href":"https:\/\/jugne.pl\/en\/wp-json\/wp\/v2\/product\/14830","targetHints":{"allow":["GET"]}}],"collection":[{"href":"https:\/\/jugne.pl\/en\/wp-json\/wp\/v2\/product"}],"about":[{"href":"https:\/\/jugne.pl\/en\/wp-json\/wp\/v2\/types\/product"}],"version-history":[{"count":1,"href":"https:\/\/jugne.pl\/en\/wp-json\/wp\/v2\/product\/14830\/revisions"}],"predecessor-version":[{"id":14847,"href":"https:\/\/jugne.pl\/en\/wp-json\/wp\/v2\/product\/14830\/revisions\/14847"}],"wp:featuredmedia":[{"embeddable":true,"href":"https:\/\/jugne.pl\/en\/wp-json\/wp\/v2\/media\/13440"}],"wp:attachment":[{"href":"https:\/\/jugne.pl\/en\/wp-json\/wp\/v2\/media?parent=14830"}],"wp:term":[{"taxonomy":"product_cat","embeddable":true,"href":"https:\/\/jugne.pl\/en\/wp-json\/wp\/v2\/product_cat?post=14830"},{"taxonomy":"product_tag","embeddable":true,"href":"https:\/\/jugne.pl\/en\/wp-json\/wp\/v2\/product_tag?post=14830"}],"curies":[{"name":"wp","href":"https:\/\/api.w.org\/{rel}","templated":true}]}}