{"id":14835,"date":"2025-05-22T13:15:30","date_gmt":"2025-05-22T10:15:30","guid":{"rendered":"https:\/\/jugne.pl\/?post_type=product&#038;p=14835"},"modified":"2025-05-22T13:15:55","modified_gmt":"2025-05-22T10:15:55","slug":"pokretla-regulacji-doplywu-powietrza-dla-wybranego-produktu","status":"publish","type":"product","link":"https:\/\/jugne.pl\/en\/produkt\/pokretla-regulacji-doplywu-powietrza-dla-wybranego-produktu\/","title":{"rendered":"Pokr\u0119t\u0142a regulacji dop\u0142ywu powietrza (dla wybranego produktu)"},"content":{"rendered":"","protected":false},"excerpt":{"rendered":"<p>Wybierz ga\u0142k\u0119 do regulacji powietrza odpowiedni\u0105 dla swojego produktu.<\/p>\n<p>W sk\u0142ad produktu wchodzi odpowiednia \u015bruba pasuj\u0105ca do gwintu i wymaganej d\u0142ugo\u015bci.<\/p>\n<p>Przedstawiony produkt mo\u017ce nie odpowiada\u0107 produktowi przedstawionemu na zdj\u0119ciu, szczeg\u00f3\u0142y mo\u017cna znale\u017a\u0107 tutaj:<\/p>\n<p>Kategoria &#8211; Drzwiczki kominkowe &#8211; (nazwa wybranego produktu).<\/p>\n","protected":false},"featured_media":13450,"template":"","meta":[],"product_cat":[233],"product_tag":[],"class_list":{"0":"post-14835","1":"product","2":"type-product","3":"status-publish","4":"has-post-thumbnail","6":"product_cat-czesci-zamienne-materialy-konserwacyjne","8":"first","9":"instock","10":"taxable","11":"shipping-taxable","12":"purchasable","13":"product-type-variable"},"_links":{"self":[{"href":"https:\/\/jugne.pl\/en\/wp-json\/wp\/v2\/product\/14835","targetHints":{"allow":["GET"]}}],"collection":[{"href":"https:\/\/jugne.pl\/en\/wp-json\/wp\/v2\/product"}],"about":[{"href":"https:\/\/jugne.pl\/en\/wp-json\/wp\/v2\/types\/product"}],"version-history":[{"count":1,"href":"https:\/\/jugne.pl\/en\/wp-json\/wp\/v2\/product\/14835\/revisions"}],"predecessor-version":[{"id":14849,"href":"https:\/\/jugne.pl\/en\/wp-json\/wp\/v2\/product\/14835\/revisions\/14849"}],"wp:featuredmedia":[{"embeddable":true,"href":"https:\/\/jugne.pl\/en\/wp-json\/wp\/v2\/media\/13450"}],"wp:attachment":[{"href":"https:\/\/jugne.pl\/en\/wp-json\/wp\/v2\/media?parent=14835"}],"wp:term":[{"taxonomy":"product_cat","embeddable":true,"href":"https:\/\/jugne.pl\/en\/wp-json\/wp\/v2\/product_cat?post=14835"},{"taxonomy":"product_tag","embeddable":true,"href":"https:\/\/jugne.pl\/en\/wp-json\/wp\/v2\/product_tag?post=14835"}],"curies":[{"name":"wp","href":"https:\/\/api.w.org\/{rel}","templated":true}]}}