{"id":14864,"date":"2025-05-22T13:15:44","date_gmt":"2025-05-22T10:15:44","guid":{"rendered":"https:\/\/jugne.pl\/?post_type=product&#038;p=14864"},"modified":"2025-05-22T13:16:09","modified_gmt":"2025-05-22T10:16:09","slug":"klamki-do-drzwiczek-dla-wybranego-produktu","status":"publish","type":"product","link":"https:\/\/jugne.pl\/en\/produkt\/klamki-do-drzwiczek-dla-wybranego-produktu\/","title":{"rendered":"Klamki do drzwiczek (dla wybranego produktu)"},"content":{"rendered":"","protected":false},"excerpt":{"rendered":"<p>Wybierz klamk\u0119 do swojego produktu.<\/p>\n<p>Produkt zawiera \u015brub\u0119 pasuj\u0105c\u0105 do gwintu i odpowiedniej d\u0142ugo\u015bci.<\/p>\n<p>Pokazany produkt mo\u017ce nie odpowiada\u0107 zdj\u0119ciu, szczeg\u00f3\u0142y mo\u017cna zobaczy\u0107:<\/p>\n<p>Kategoria &#8211; Drzwiczki kominkowe &#8211; (Nazwa wybranego produktu).<\/p>\n","protected":false},"featured_media":13485,"template":"","meta":[],"product_cat":[233],"product_tag":[],"class_list":{"0":"post-14864","1":"product","2":"type-product","3":"status-publish","4":"has-post-thumbnail","6":"product_cat-czesci-zamienne-materialy-konserwacyjne","8":"first","9":"instock","10":"taxable","11":"shipping-taxable","12":"purchasable","13":"product-type-variable"},"_links":{"self":[{"href":"https:\/\/jugne.pl\/en\/wp-json\/wp\/v2\/product\/14864","targetHints":{"allow":["GET"]}}],"collection":[{"href":"https:\/\/jugne.pl\/en\/wp-json\/wp\/v2\/product"}],"about":[{"href":"https:\/\/jugne.pl\/en\/wp-json\/wp\/v2\/types\/product"}],"version-history":[{"count":1,"href":"https:\/\/jugne.pl\/en\/wp-json\/wp\/v2\/product\/14864\/revisions"}],"predecessor-version":[{"id":14880,"href":"https:\/\/jugne.pl\/en\/wp-json\/wp\/v2\/product\/14864\/revisions\/14880"}],"wp:featuredmedia":[{"embeddable":true,"href":"https:\/\/jugne.pl\/en\/wp-json\/wp\/v2\/media\/13485"}],"wp:attachment":[{"href":"https:\/\/jugne.pl\/en\/wp-json\/wp\/v2\/media?parent=14864"}],"wp:term":[{"taxonomy":"product_cat","embeddable":true,"href":"https:\/\/jugne.pl\/en\/wp-json\/wp\/v2\/product_cat?post=14864"},{"taxonomy":"product_tag","embeddable":true,"href":"https:\/\/jugne.pl\/en\/wp-json\/wp\/v2\/product_tag?post=14864"}],"curies":[{"name":"wp","href":"https:\/\/api.w.org\/{rel}","templated":true}]}}