{"id":14896,"date":"2025-05-22T13:15:58","date_gmt":"2025-05-22T10:15:58","guid":{"rendered":"https:\/\/jugne.pl\/?post_type=product&#038;p=14896"},"modified":"2025-05-22T13:16:09","modified_gmt":"2025-05-22T10:16:09","slug":"z-25-drzwiczki-popielnikowe-do-kominka-495x231-mm","status":"publish","type":"product","link":"https:\/\/jugne.pl\/en\/produkt\/z-25-drzwiczki-popielnikowe-do-kominka-495x231-mm\/","title":{"rendered":"Z-25 Drzwiczki popielnikowe do kominka 495&#215;231 mm"},"content":{"rendered":"","protected":false},"excerpt":{"rendered":"<p>Wymiary zewn\u0119trzne: 495&#215;231 mm<\/p>\n<p>Wymiary wewn\u0119trzne: 405&#215;150 mm<\/p>\n<p>Waga: 13 kg<\/p>\n<p>Mo\u017cliwo\u015b\u0107 wyboru lewego lub prawego skrzyd\u0142a<\/p>\n<p>Wyposa\u017cone w uszczelki z tkaniny szklanej oraz \u017caroodporn\u0105 ceramik\u0119 szklan\u0105<\/p>\n<p>Z \u017celiwa.<\/p>\n","protected":false},"featured_media":13534,"template":"","meta":[],"product_cat":[242],"product_tag":[],"class_list":{"0":"post-14896","1":"product","2":"type-product","3":"status-publish","4":"has-post-thumbnail","6":"product_cat-drzwiczki-kominkowe","8":"first","9":"instock","10":"taxable","11":"shipping-taxable","12":"purchasable","13":"product-type-variable","14":"has-default-attributes"},"_links":{"self":[{"href":"https:\/\/jugne.pl\/en\/wp-json\/wp\/v2\/product\/14896","targetHints":{"allow":["GET"]}}],"collection":[{"href":"https:\/\/jugne.pl\/en\/wp-json\/wp\/v2\/product"}],"about":[{"href":"https:\/\/jugne.pl\/en\/wp-json\/wp\/v2\/types\/product"}],"version-history":[{"count":1,"href":"https:\/\/jugne.pl\/en\/wp-json\/wp\/v2\/product\/14896\/revisions"}],"predecessor-version":[{"id":14913,"href":"https:\/\/jugne.pl\/en\/wp-json\/wp\/v2\/product\/14896\/revisions\/14913"}],"wp:featuredmedia":[{"embeddable":true,"href":"https:\/\/jugne.pl\/en\/wp-json\/wp\/v2\/media\/13534"}],"wp:attachment":[{"href":"https:\/\/jugne.pl\/en\/wp-json\/wp\/v2\/media?parent=14896"}],"wp:term":[{"taxonomy":"product_cat","embeddable":true,"href":"https:\/\/jugne.pl\/en\/wp-json\/wp\/v2\/product_cat?post=14896"},{"taxonomy":"product_tag","embeddable":true,"href":"https:\/\/jugne.pl\/en\/wp-json\/wp\/v2\/product_tag?post=14896"}],"curies":[{"name":"wp","href":"https:\/\/api.w.org\/{rel}","templated":true}]}}