{"id":14897,"date":"2025-05-22T13:15:58","date_gmt":"2025-05-22T10:15:58","guid":{"rendered":"https:\/\/jugne.pl\/?post_type=product&#038;p=14897"},"modified":"2025-05-22T13:16:04","modified_gmt":"2025-05-22T10:16:04","slug":"z-16-drzwiczki-do-pieca-chlebowego-360x535","status":"publish","type":"product","link":"https:\/\/jugne.pl\/en\/produkt\/z-16-drzwiczki-do-pieca-chlebowego-360x535\/","title":{"rendered":"Z-16 Drzwiczki do pieca chlebowego 360&#215;535"},"content":{"rendered":"","protected":false},"excerpt":{"rendered":"<p>Dwuskrzyd\u0142owe, \u0142ukowe \u017celiwne drzwiczki do pieca chlebowego<\/p>\n<p>Wymiary zewn\u0119trzne: 360&#215;535 mm<\/p>\n<p>Wymiary wewn\u0119trzne: 325&#215;500 mm<\/p>\n<p>Pokryte czarno matow\u0105 farb\u0105<\/p>\n<p>\u0141atwe w obs\u0142udze.<\/p>\n","protected":false},"featured_media":13560,"template":"","meta":[],"product_cat":[242,234],"product_tag":[],"class_list":{"0":"post-14897","1":"product","2":"type-product","3":"status-publish","4":"has-post-thumbnail","6":"product_cat-drzwiczki-kominkowe","7":"product_cat-drzwiczki","9":"first","10":"instock","11":"taxable","12":"shipping-taxable","13":"purchasable","14":"product-type-simple"},"_links":{"self":[{"href":"https:\/\/jugne.pl\/en\/wp-json\/wp\/v2\/product\/14897","targetHints":{"allow":["GET"]}}],"collection":[{"href":"https:\/\/jugne.pl\/en\/wp-json\/wp\/v2\/product"}],"about":[{"href":"https:\/\/jugne.pl\/en\/wp-json\/wp\/v2\/types\/product"}],"version-history":[{"count":1,"href":"https:\/\/jugne.pl\/en\/wp-json\/wp\/v2\/product\/14897\/revisions"}],"predecessor-version":[{"id":14914,"href":"https:\/\/jugne.pl\/en\/wp-json\/wp\/v2\/product\/14897\/revisions\/14914"}],"wp:featuredmedia":[{"embeddable":true,"href":"https:\/\/jugne.pl\/en\/wp-json\/wp\/v2\/media\/13560"}],"wp:attachment":[{"href":"https:\/\/jugne.pl\/en\/wp-json\/wp\/v2\/media?parent=14897"}],"wp:term":[{"taxonomy":"product_cat","embeddable":true,"href":"https:\/\/jugne.pl\/en\/wp-json\/wp\/v2\/product_cat?post=14897"},{"taxonomy":"product_tag","embeddable":true,"href":"https:\/\/jugne.pl\/en\/wp-json\/wp\/v2\/product_tag?post=14897"}],"curies":[{"name":"wp","href":"https:\/\/api.w.org\/{rel}","templated":true}]}}