{"id":14898,"date":"2025-05-22T13:15:58","date_gmt":"2025-05-22T10:15:58","guid":{"rendered":"https:\/\/jugne.pl\/?post_type=product&#038;p=14898"},"modified":"2025-08-28T10:11:05","modified_gmt":"2025-08-28T07:11:05","slug":"zestaw-kominkowy-z-24-z-25","status":"publish","type":"product","link":"https:\/\/jugne.pl\/en\/produkt\/zestaw-kominkowy-z-24-z-25\/","title":{"rendered":"Zestaw kominkowy Z-24\/Z-25"},"content":{"rendered":"","protected":false},"excerpt":{"rendered":"<p>Nowoczesny zestaw drzwiczek kominkowych, dost\u0119pny do osobnego zakupu.<\/p>\n<p>Mo\u017cliwo\u015b\u0107 malowania na czarno matow\u0105 farb\u0105, dost\u0119pne tak\u017ce w wersji prawej lub lewej.<\/p>\n<p><strong>Wymiary drzwiczek kominkowych: <\/strong><\/p>\n<p>Wymiary zewn\u0119trzne: 495&#215;485 mm<\/p>\n<p>Wymiary wewn\u0119trzne: 405&#215;405 mm<\/p>\n<p><strong>Wymiary drzwiczek popielnika\/otworu powietrza:<\/strong><\/p>\n<p>Wymiary zewn\u0119trzne: 495&#215;231 mm<\/p>\n<p>Wymiary wewn\u0119trzne: 405&#215;150 mm<\/p>\n<p>Ca\u0142kowita waga produktu: 29 kg.<\/p>\n<p>Mo\u017ce by\u0107 prawo- lub lewor\u0119czny<\/p>\n<p>Z \u017celiwa.<\/p>\n","protected":false},"featured_media":13565,"template":"","meta":[],"product_cat":[242,237],"product_tag":[],"class_list":{"0":"post-14898","1":"product","2":"type-product","3":"status-publish","4":"has-post-thumbnail","6":"product_cat-drzwiczki-kominkowe","7":"product_cat-nowosci","9":"first","10":"instock","11":"sale","12":"taxable","13":"shipping-taxable","14":"purchasable","15":"product-type-variable","16":"has-default-attributes"},"_links":{"self":[{"href":"https:\/\/jugne.pl\/en\/wp-json\/wp\/v2\/product\/14898","targetHints":{"allow":["GET"]}}],"collection":[{"href":"https:\/\/jugne.pl\/en\/wp-json\/wp\/v2\/product"}],"about":[{"href":"https:\/\/jugne.pl\/en\/wp-json\/wp\/v2\/types\/product"}],"version-history":[{"count":1,"href":"https:\/\/jugne.pl\/en\/wp-json\/wp\/v2\/product\/14898\/revisions"}],"predecessor-version":[{"id":14915,"href":"https:\/\/jugne.pl\/en\/wp-json\/wp\/v2\/product\/14898\/revisions\/14915"}],"wp:featuredmedia":[{"embeddable":true,"href":"https:\/\/jugne.pl\/en\/wp-json\/wp\/v2\/media\/13565"}],"wp:attachment":[{"href":"https:\/\/jugne.pl\/en\/wp-json\/wp\/v2\/media?parent=14898"}],"wp:term":[{"taxonomy":"product_cat","embeddable":true,"href":"https:\/\/jugne.pl\/en\/wp-json\/wp\/v2\/product_cat?post=14898"},{"taxonomy":"product_tag","embeddable":true,"href":"https:\/\/jugne.pl\/en\/wp-json\/wp\/v2\/product_tag?post=14898"}],"curies":[{"name":"wp","href":"https:\/\/api.w.org\/{rel}","templated":true}]}}