{"id":14152,"date":"2025-05-22T13:12:53","date_gmt":"2025-05-22T10:12:53","guid":{"rendered":"https:\/\/jugne.pl\/?post_type=product&#038;p=14152"},"modified":"2025-05-22T13:16:09","modified_gmt":"2025-05-22T10:16:09","slug":"dtj-3hv-drzwiczki-do-pieca-220x275-mm","status":"publish","type":"product","link":"https:\/\/jugne.pl\/lt\/produkt\/dtj-3hv-drzwiczki-do-pieca-220x275-mm\/","title":{"rendered":"DTJ-3HV Drzwiczki do pieca 220&#215;275 mm"},"content":{"rendered":"","protected":false},"excerpt":{"rendered":"<p><strong>DTJ-3HV Drzwiczki do pieca<\/strong><\/p>\n<p>Wymiary zewn\u0119trzne: 20&#215;275 mm<\/p>\n<p>Wymiary wewn\u0119trzne: 205&#215;245 mm<\/p>\n<p>Waga: 8 kg<\/p>\n<p>Z wbudowanymi wewn\u0119trznymi drzwiczkami pe\u0142ni\u0105cymi funkcj\u0119 ogranicznika p\u0142omienia<\/p>\n<p>Z \u017celiwa.<\/p>\n","protected":false},"featured_media":14218,"template":"","meta":[],"product_cat":[234],"product_tag":[],"class_list":{"0":"post-14152","1":"product","2":"type-product","3":"status-publish","4":"has-post-thumbnail","6":"product_cat-drzwiczki","8":"first","9":"instock","10":"taxable","11":"shipping-taxable","12":"purchasable","13":"product-type-variable","14":"has-default-attributes"},"_links":{"self":[{"href":"https:\/\/jugne.pl\/lt\/wp-json\/wp\/v2\/product\/14152","targetHints":{"allow":["GET"]}}],"collection":[{"href":"https:\/\/jugne.pl\/lt\/wp-json\/wp\/v2\/product"}],"about":[{"href":"https:\/\/jugne.pl\/lt\/wp-json\/wp\/v2\/types\/product"}],"version-history":[{"count":1,"href":"https:\/\/jugne.pl\/lt\/wp-json\/wp\/v2\/product\/14152\/revisions"}],"predecessor-version":[{"id":14222,"href":"https:\/\/jugne.pl\/lt\/wp-json\/wp\/v2\/product\/14152\/revisions\/14222"}],"wp:featuredmedia":[{"embeddable":true,"href":"https:\/\/jugne.pl\/lt\/wp-json\/wp\/v2\/media\/14218"}],"wp:attachment":[{"href":"https:\/\/jugne.pl\/lt\/wp-json\/wp\/v2\/media?parent=14152"}],"wp:term":[{"taxonomy":"product_cat","embeddable":true,"href":"https:\/\/jugne.pl\/lt\/wp-json\/wp\/v2\/product_cat?post=14152"},{"taxonomy":"product_tag","embeddable":true,"href":"https:\/\/jugne.pl\/lt\/wp-json\/wp\/v2\/product_tag?post=14152"}],"curies":[{"name":"wp","href":"https:\/\/api.w.org\/{rel}","templated":true}]}}