{"id":14360,"date":"2025-05-22T13:13:40","date_gmt":"2025-05-22T10:13:40","guid":{"rendered":"https:\/\/jugne.pl\/?post_type=product&#038;p=14360"},"modified":"2025-05-22T13:14:07","modified_gmt":"2025-05-22T10:14:07","slug":"a-25-wyczystka-kominowa-205x300-mm","status":"publish","type":"product","link":"https:\/\/jugne.pl\/lt\/produkt\/a-25-wyczystka-kominowa-205x300-mm\/","title":{"rendered":"A-25 Wyczystka kominowa 205&#215;300 mm"},"content":{"rendered":"","protected":false},"excerpt":{"rendered":"<p>Wymiary: 205&#215;300 mm<\/p>\n<p>Wymiary otworu wewn\u0119trznego: 145&#215;240 mm<\/p>\n<p>D\u0142ugo\u015b\u0107 dr\u0105\u017cka: 500 mm<\/p>\n<p>Ca\u0142kowite wymiary produktu: 205&#215;800 mm<\/p>\n<p>Waga: 4 kg<\/p>\n<p>Dwupo\u0142o\u017ceniowy t\u0142umik z dekoracyjnym uchwytem.<\/p>\n<p>Z \u017celiwa.<\/p>\n","protected":false},"featured_media":14490,"template":"","meta":[],"product_cat":[239],"product_tag":[],"class_list":{"0":"post-14360","1":"product","2":"type-product","3":"status-publish","4":"has-post-thumbnail","6":"product_cat-wyczystki-kominowe","8":"first","9":"instock","10":"taxable","11":"shipping-taxable","12":"purchasable","13":"product-type-simple"},"_links":{"self":[{"href":"https:\/\/jugne.pl\/lt\/wp-json\/wp\/v2\/product\/14360","targetHints":{"allow":["GET"]}}],"collection":[{"href":"https:\/\/jugne.pl\/lt\/wp-json\/wp\/v2\/product"}],"about":[{"href":"https:\/\/jugne.pl\/lt\/wp-json\/wp\/v2\/types\/product"}],"version-history":[{"count":1,"href":"https:\/\/jugne.pl\/lt\/wp-json\/wp\/v2\/product\/14360\/revisions"}],"predecessor-version":[{"id":14494,"href":"https:\/\/jugne.pl\/lt\/wp-json\/wp\/v2\/product\/14360\/revisions\/14494"}],"wp:featuredmedia":[{"embeddable":true,"href":"https:\/\/jugne.pl\/lt\/wp-json\/wp\/v2\/media\/14490"}],"wp:attachment":[{"href":"https:\/\/jugne.pl\/lt\/wp-json\/wp\/v2\/media?parent=14360"}],"wp:term":[{"taxonomy":"product_cat","embeddable":true,"href":"https:\/\/jugne.pl\/lt\/wp-json\/wp\/v2\/product_cat?post=14360"},{"taxonomy":"product_tag","embeddable":true,"href":"https:\/\/jugne.pl\/lt\/wp-json\/wp\/v2\/product_tag?post=14360"}],"curies":[{"name":"wp","href":"https:\/\/api.w.org\/{rel}","templated":true}]}}