{"id":14363,"date":"2025-05-22T13:13:40","date_gmt":"2025-05-22T10:13:40","guid":{"rendered":"https:\/\/jugne.pl\/?post_type=product&#038;p=14363"},"modified":"2025-05-22T14:17:12","modified_gmt":"2025-05-22T11:17:12","slug":"a-28-wklad-do-plyty-kuchennej-290-mm","status":"publish","type":"product","link":"https:\/\/jugne.pl\/lt\/produkt\/a-28-wklad-do-plyty-kuchennej-290-mm\/","title":{"rendered":"A-28 Wk\u0142ad do p\u0142yty kuchennej 290 mm"},"content":{"rendered":"","protected":false},"excerpt":{"rendered":"<p>Kod produktu: A28<\/p>\n<p>Przek\u0105tna: 290 mm<\/p>\n<p>Waga: 4 kg<\/p>\n<p>Wyj\u0105tkowy sk\u0142ad \u017celiwa (nie p\u0119ka, nie deformuje si\u0119)<\/p>\n<p>Z \u017celiwa.<\/p>\n","protected":false},"featured_media":14505,"template":"","meta":[],"product_cat":[241],"product_tag":[],"class_list":{"0":"post-14363","1":"product","2":"type-product","3":"status-publish","4":"has-post-thumbnail","6":"product_cat-wklady-do-plyt-kuchennych","8":"first","9":"instock","10":"taxable","11":"shipping-taxable","12":"purchasable","13":"product-type-simple"},"_links":{"self":[{"href":"https:\/\/jugne.pl\/lt\/wp-json\/wp\/v2\/product\/14363","targetHints":{"allow":["GET"]}}],"collection":[{"href":"https:\/\/jugne.pl\/lt\/wp-json\/wp\/v2\/product"}],"about":[{"href":"https:\/\/jugne.pl\/lt\/wp-json\/wp\/v2\/types\/product"}],"version-history":[{"count":1,"href":"https:\/\/jugne.pl\/lt\/wp-json\/wp\/v2\/product\/14363\/revisions"}],"predecessor-version":[{"id":14509,"href":"https:\/\/jugne.pl\/lt\/wp-json\/wp\/v2\/product\/14363\/revisions\/14509"}],"wp:featuredmedia":[{"embeddable":true,"href":"https:\/\/jugne.pl\/lt\/wp-json\/wp\/v2\/media\/14505"}],"wp:attachment":[{"href":"https:\/\/jugne.pl\/lt\/wp-json\/wp\/v2\/media?parent=14363"}],"wp:term":[{"taxonomy":"product_cat","embeddable":true,"href":"https:\/\/jugne.pl\/lt\/wp-json\/wp\/v2\/product_cat?post=14363"},{"taxonomy":"product_tag","embeddable":true,"href":"https:\/\/jugne.pl\/lt\/wp-json\/wp\/v2\/product_tag?post=14363"}],"curies":[{"name":"wp","href":"https:\/\/api.w.org\/{rel}","templated":true}]}}