{"id":14367,"date":"2025-05-22T13:13:41","date_gmt":"2025-05-22T10:13:41","guid":{"rendered":"https:\/\/jugne.pl\/?post_type=product&#038;p=14367"},"modified":"2025-05-22T13:45:40","modified_gmt":"2025-05-22T10:45:40","slug":"a-41-wklad-410-mm","status":"publish","type":"product","link":"https:\/\/jugne.pl\/lt\/produkt\/a-41-wklad-410-mm\/","title":{"rendered":"A-41 Wk\u0142ad 410 mm"},"content":{"rendered":"","protected":false},"excerpt":{"rendered":"<p>Przek\u0105tna: 410 mm<\/p>\n<p>Wyj\u0105tkowy sk\u0142ad \u017celiwa (nie p\u0119ka, nie deformuje si\u0119)<\/p>\n<p>Z \u017celiwa.<\/p>\n","protected":false},"featured_media":14525,"template":"","meta":[],"product_cat":[241],"product_tag":[],"class_list":{"0":"post-14367","1":"product","2":"type-product","3":"status-publish","4":"has-post-thumbnail","6":"product_cat-wklady-do-plyt-kuchennych","8":"first","9":"instock","10":"taxable","11":"shipping-taxable","12":"purchasable","13":"product-type-simple"},"_links":{"self":[{"href":"https:\/\/jugne.pl\/lt\/wp-json\/wp\/v2\/product\/14367","targetHints":{"allow":["GET"]}}],"collection":[{"href":"https:\/\/jugne.pl\/lt\/wp-json\/wp\/v2\/product"}],"about":[{"href":"https:\/\/jugne.pl\/lt\/wp-json\/wp\/v2\/types\/product"}],"version-history":[{"count":1,"href":"https:\/\/jugne.pl\/lt\/wp-json\/wp\/v2\/product\/14367\/revisions"}],"predecessor-version":[{"id":14529,"href":"https:\/\/jugne.pl\/lt\/wp-json\/wp\/v2\/product\/14367\/revisions\/14529"}],"wp:featuredmedia":[{"embeddable":true,"href":"https:\/\/jugne.pl\/lt\/wp-json\/wp\/v2\/media\/14525"}],"wp:attachment":[{"href":"https:\/\/jugne.pl\/lt\/wp-json\/wp\/v2\/media?parent=14367"}],"wp:term":[{"taxonomy":"product_cat","embeddable":true,"href":"https:\/\/jugne.pl\/lt\/wp-json\/wp\/v2\/product_cat?post=14367"},{"taxonomy":"product_tag","embeddable":true,"href":"https:\/\/jugne.pl\/lt\/wp-json\/wp\/v2\/product_tag?post=14367"}],"curies":[{"name":"wp","href":"https:\/\/api.w.org\/{rel}","templated":true}]}}