{"id":14482,"date":"2025-05-22T13:14:05","date_gmt":"2025-05-22T10:14:05","guid":{"rendered":"https:\/\/jugne.pl\/?post_type=product&#038;p=14482"},"modified":"2025-05-22T13:14:36","modified_gmt":"2025-05-22T10:14:36","slug":"z-4b-drzwiczki-kominkowe-470x470-mm","status":"publish","type":"product","link":"https:\/\/jugne.pl\/lt\/produkt\/z-4b-drzwiczki-kominkowe-470x470-mm\/","title":{"rendered":"Z-4B Drzwiczki kominkowe 470&#215;470 mm"},"content":{"rendered":"","protected":false},"excerpt":{"rendered":"<p>Wymiary zewn\u0119trzne: 470&#215;470 mm<\/p>\n<p>Wymiary wewn\u0119trzne: 415&#215;415 mm<\/p>\n<p>Waga: 17 kg<\/p>\n<p>Mo\u017cliwo\u015b\u0107 wyboru prawego lub lewego skrzyd\u0142a<\/p>\n<p>Farba \u017caroodporna. Wyposa\u017cone w uszczelki z tkaniny szklanej oraz \u017caroodporn\u0105 ceramik\u0119 szklan\u0105<\/p>\n<p>Z \u017celiwa.<\/p>\n","protected":false},"featured_media":14617,"template":"","meta":[],"product_cat":[242],"product_tag":[],"class_list":{"0":"post-14482","1":"product","2":"type-product","3":"status-publish","4":"has-post-thumbnail","6":"product_cat-drzwiczki-kominkowe","8":"first","9":"instock","10":"taxable","11":"shipping-taxable","12":"purchasable","13":"product-type-simple"},"_links":{"self":[{"href":"https:\/\/jugne.pl\/lt\/wp-json\/wp\/v2\/product\/14482","targetHints":{"allow":["GET"]}}],"collection":[{"href":"https:\/\/jugne.pl\/lt\/wp-json\/wp\/v2\/product"}],"about":[{"href":"https:\/\/jugne.pl\/lt\/wp-json\/wp\/v2\/types\/product"}],"version-history":[{"count":1,"href":"https:\/\/jugne.pl\/lt\/wp-json\/wp\/v2\/product\/14482\/revisions"}],"predecessor-version":[{"id":14621,"href":"https:\/\/jugne.pl\/lt\/wp-json\/wp\/v2\/product\/14482\/revisions\/14621"}],"wp:featuredmedia":[{"embeddable":true,"href":"https:\/\/jugne.pl\/lt\/wp-json\/wp\/v2\/media\/14617"}],"wp:attachment":[{"href":"https:\/\/jugne.pl\/lt\/wp-json\/wp\/v2\/media?parent=14482"}],"wp:term":[{"taxonomy":"product_cat","embeddable":true,"href":"https:\/\/jugne.pl\/lt\/wp-json\/wp\/v2\/product_cat?post=14482"},{"taxonomy":"product_tag","embeddable":true,"href":"https:\/\/jugne.pl\/lt\/wp-json\/wp\/v2\/product_tag?post=14482"}],"curies":[{"name":"wp","href":"https:\/\/api.w.org\/{rel}","templated":true}]}}