{"id":14581,"date":"2025-05-22T13:14:27","date_gmt":"2025-05-22T10:14:27","guid":{"rendered":"https:\/\/jugne.pl\/?post_type=product&#038;p=14581"},"modified":"2025-05-22T13:14:57","modified_gmt":"2025-05-22T10:14:57","slug":"z-17-drzwiczki-kominkowe-550x500-mm","status":"publish","type":"product","link":"https:\/\/jugne.pl\/lt\/produkt\/z-17-drzwiczki-kominkowe-550x500-mm\/","title":{"rendered":"Z-17 Drzwiczki kominkowe 550&#215;500 mm"},"content":{"rendered":"","protected":false},"excerpt":{"rendered":"<p>Wymiary zewn\u0119trzne: 550&#215;500 mm<\/p>\n<p>Wymiary wewn\u0119trzne: 440&#215;420 mm<\/p>\n<p>Waga: 25 kg<\/p>\n<p>Farba \u017caroodporna. Wyposa\u017cone w uszczelki z tkaniny szklanej oraz \u017caroodporn\u0105 ceramik\u0119 szklan\u0105<\/p>\n<p>Z \u017celiwa.<\/p>\n","protected":false},"featured_media":14703,"template":"","meta":[],"product_cat":[242],"product_tag":[],"class_list":{"0":"post-14581","1":"product","2":"type-product","3":"status-publish","4":"has-post-thumbnail","6":"product_cat-drzwiczki-kominkowe","8":"first","9":"instock","10":"taxable","11":"shipping-taxable","12":"purchasable","13":"product-type-simple"},"_links":{"self":[{"href":"https:\/\/jugne.pl\/lt\/wp-json\/wp\/v2\/product\/14581","targetHints":{"allow":["GET"]}}],"collection":[{"href":"https:\/\/jugne.pl\/lt\/wp-json\/wp\/v2\/product"}],"about":[{"href":"https:\/\/jugne.pl\/lt\/wp-json\/wp\/v2\/types\/product"}],"version-history":[{"count":1,"href":"https:\/\/jugne.pl\/lt\/wp-json\/wp\/v2\/product\/14581\/revisions"}],"predecessor-version":[{"id":14707,"href":"https:\/\/jugne.pl\/lt\/wp-json\/wp\/v2\/product\/14581\/revisions\/14707"}],"wp:featuredmedia":[{"embeddable":true,"href":"https:\/\/jugne.pl\/lt\/wp-json\/wp\/v2\/media\/14703"}],"wp:attachment":[{"href":"https:\/\/jugne.pl\/lt\/wp-json\/wp\/v2\/media?parent=14581"}],"wp:term":[{"taxonomy":"product_cat","embeddable":true,"href":"https:\/\/jugne.pl\/lt\/wp-json\/wp\/v2\/product_cat?post=14581"},{"taxonomy":"product_tag","embeddable":true,"href":"https:\/\/jugne.pl\/lt\/wp-json\/wp\/v2\/product_tag?post=14581"}],"curies":[{"name":"wp","href":"https:\/\/api.w.org\/{rel}","templated":true}]}}