{"id":14586,"date":"2025-05-22T13:14:28","date_gmt":"2025-05-22T10:14:28","guid":{"rendered":"https:\/\/jugne.pl\/?post_type=product&#038;p=14586"},"modified":"2025-05-22T13:15:04","modified_gmt":"2025-05-22T10:15:04","slug":"ork-l-drzwiczki-do-piekarnika-320x375-mm","status":"publish","type":"product","link":"https:\/\/jugne.pl\/lt\/produkt\/ork-l-drzwiczki-do-piekarnika-320x375-mm\/","title":{"rendered":"ORK-L Drzwiczki do piekarnika 320&#215;375 mm"},"content":{"rendered":"","protected":false},"excerpt":{"rendered":"<p>Wymiary zewn\u0119trzne: 320&#215;375 mm<\/p>\n<p>Wymiary wewn\u0119trzne: 255&#215;315 mm<\/p>\n<p>Waga: 8 kg<\/p>\n<p>Mog\u0105 by\u0107 prawe lub lewe<\/p>\n<p>Farba \u017caroodporna. Wyposa\u017cone w uszczelki z tkaniny szklanej oraz \u017caroodporn\u0105 ceramik\u0119 szklan\u0105<\/p>\n<p>Z \u017celiwa.<\/p>\n","protected":false},"featured_media":14728,"template":"","meta":[],"product_cat":[242],"product_tag":[],"class_list":{"0":"post-14586","1":"product","2":"type-product","3":"status-publish","4":"has-post-thumbnail","6":"product_cat-drzwiczki-kominkowe","8":"first","9":"instock","10":"taxable","11":"shipping-taxable","12":"purchasable","13":"product-type-simple"},"_links":{"self":[{"href":"https:\/\/jugne.pl\/lt\/wp-json\/wp\/v2\/product\/14586","targetHints":{"allow":["GET"]}}],"collection":[{"href":"https:\/\/jugne.pl\/lt\/wp-json\/wp\/v2\/product"}],"about":[{"href":"https:\/\/jugne.pl\/lt\/wp-json\/wp\/v2\/types\/product"}],"version-history":[{"count":1,"href":"https:\/\/jugne.pl\/lt\/wp-json\/wp\/v2\/product\/14586\/revisions"}],"predecessor-version":[{"id":14732,"href":"https:\/\/jugne.pl\/lt\/wp-json\/wp\/v2\/product\/14586\/revisions\/14732"}],"wp:featuredmedia":[{"embeddable":true,"href":"https:\/\/jugne.pl\/lt\/wp-json\/wp\/v2\/media\/14728"}],"wp:attachment":[{"href":"https:\/\/jugne.pl\/lt\/wp-json\/wp\/v2\/media?parent=14586"}],"wp:term":[{"taxonomy":"product_cat","embeddable":true,"href":"https:\/\/jugne.pl\/lt\/wp-json\/wp\/v2\/product_cat?post=14586"},{"taxonomy":"product_tag","embeddable":true,"href":"https:\/\/jugne.pl\/lt\/wp-json\/wp\/v2\/product_tag?post=14586"}],"curies":[{"name":"wp","href":"https:\/\/api.w.org\/{rel}","templated":true}]}}