{"id":14685,"date":"2025-05-22T13:14:51","date_gmt":"2025-05-22T10:14:51","guid":{"rendered":"https:\/\/jugne.pl\/?post_type=product&#038;p=14685"},"modified":"2025-05-22T13:15:22","modified_gmt":"2025-05-22T10:15:22","slug":"g-5j-wykonczenie-pieca-710x410-mm","status":"publish","type":"product","link":"https:\/\/jugne.pl\/lt\/produkt\/g-5j-wykonczenie-pieca-710x410-mm\/","title":{"rendered":"G-5J Wyko\u0144czenie pieca 710&#215;410 mm"},"content":{"rendered":"","protected":false},"excerpt":{"rendered":"<p>Wymiary: 710*410 mm<\/p>\n<p>Waga: 10 kg<\/p>\n<p>Charakterystyka: wsporniki \u017celiwne, aluminiowa rura.<\/p>\n<p>Wymiary pasuj\u0105 do nast\u0119puj\u0105cych p\u0142yt kuchennych:<\/p>\n<p>A-16; A-16a; A-19.<\/p>\n<p>Polerowana\/malowana blacha o grubo\u015bci 3 mm.<\/p>\n","protected":false},"featured_media":13362,"template":"","meta":[],"product_cat":[235],"product_tag":[],"class_list":{"0":"post-14685","1":"product","2":"type-product","3":"status-publish","4":"has-post-thumbnail","6":"product_cat-wykonczenie-pieca","8":"first","9":"instock","10":"taxable","11":"shipping-taxable","12":"purchasable","13":"product-type-simple"},"_links":{"self":[{"href":"https:\/\/jugne.pl\/lt\/wp-json\/wp\/v2\/product\/14685","targetHints":{"allow":["GET"]}}],"collection":[{"href":"https:\/\/jugne.pl\/lt\/wp-json\/wp\/v2\/product"}],"about":[{"href":"https:\/\/jugne.pl\/lt\/wp-json\/wp\/v2\/types\/product"}],"version-history":[{"count":1,"href":"https:\/\/jugne.pl\/lt\/wp-json\/wp\/v2\/product\/14685\/revisions"}],"predecessor-version":[{"id":14810,"href":"https:\/\/jugne.pl\/lt\/wp-json\/wp\/v2\/product\/14685\/revisions\/14810"}],"wp:featuredmedia":[{"embeddable":true,"href":"https:\/\/jugne.pl\/lt\/wp-json\/wp\/v2\/media\/13362"}],"wp:attachment":[{"href":"https:\/\/jugne.pl\/lt\/wp-json\/wp\/v2\/media?parent=14685"}],"wp:term":[{"taxonomy":"product_cat","embeddable":true,"href":"https:\/\/jugne.pl\/lt\/wp-json\/wp\/v2\/product_cat?post=14685"},{"taxonomy":"product_tag","embeddable":true,"href":"https:\/\/jugne.pl\/lt\/wp-json\/wp\/v2\/product_tag?post=14685"}],"curies":[{"name":"wp","href":"https:\/\/api.w.org\/{rel}","templated":true}]}}