{"id":14895,"date":"2025-05-22T13:15:58","date_gmt":"2025-05-22T10:15:58","guid":{"rendered":"https:\/\/jugne.pl\/?post_type=product&#038;p=14895"},"modified":"2025-05-22T13:16:09","modified_gmt":"2025-05-22T10:16:09","slug":"z-24-drzwiczki-kominkowe-495x485-mm","status":"publish","type":"product","link":"https:\/\/jugne.pl\/lt\/produkt\/z-24-drzwiczki-kominkowe-495x485-mm\/","title":{"rendered":"Z-24 Drzwiczki kominkowe 495&#215;485 mm"},"content":{"rendered":"","protected":false},"excerpt":{"rendered":"<p>Wymiary zewn\u0119trzne: 495&#215;485 mm<\/p>\n<p>Wymiary wewn\u0119trzne: 405&#215;405 mm<\/p>\n<p>Waga: 15 kg<\/p>\n<p>Mo\u017cliwo\u015b\u0107 wyboru lewego lub prawego skrzyd\u0142a<\/p>\n<p>Wyposa\u017cone w uszczelki z tkaniny szklanej oraz \u017caroodporn\u0105 ceramik\u0119 szklan\u0105<\/p>\n<p>Z \u017celiwa.<\/p>\n","protected":false},"featured_media":13525,"template":"","meta":[],"product_cat":[242],"product_tag":[],"class_list":{"0":"post-14895","1":"product","2":"type-product","3":"status-publish","4":"has-post-thumbnail","6":"product_cat-drzwiczki-kominkowe","8":"first","9":"instock","10":"taxable","11":"shipping-taxable","12":"purchasable","13":"product-type-variable","14":"has-default-attributes"},"_links":{"self":[{"href":"https:\/\/jugne.pl\/lt\/wp-json\/wp\/v2\/product\/14895","targetHints":{"allow":["GET"]}}],"collection":[{"href":"https:\/\/jugne.pl\/lt\/wp-json\/wp\/v2\/product"}],"about":[{"href":"https:\/\/jugne.pl\/lt\/wp-json\/wp\/v2\/types\/product"}],"version-history":[{"count":1,"href":"https:\/\/jugne.pl\/lt\/wp-json\/wp\/v2\/product\/14895\/revisions"}],"predecessor-version":[{"id":14912,"href":"https:\/\/jugne.pl\/lt\/wp-json\/wp\/v2\/product\/14895\/revisions\/14912"}],"wp:featuredmedia":[{"embeddable":true,"href":"https:\/\/jugne.pl\/lt\/wp-json\/wp\/v2\/media\/13525"}],"wp:attachment":[{"href":"https:\/\/jugne.pl\/lt\/wp-json\/wp\/v2\/media?parent=14895"}],"wp:term":[{"taxonomy":"product_cat","embeddable":true,"href":"https:\/\/jugne.pl\/lt\/wp-json\/wp\/v2\/product_cat?post=14895"},{"taxonomy":"product_tag","embeddable":true,"href":"https:\/\/jugne.pl\/lt\/wp-json\/wp\/v2\/product_tag?post=14895"}],"curies":[{"name":"wp","href":"https:\/\/api.w.org\/{rel}","templated":true}]}}